{"id":99,"date":"2017-01-22T10:26:52","date_gmt":"2017-01-22T09:26:52","guid":{"rendered":"http:\/\/www.hwarangtkd.fr\/?page_id=99"},"modified":"2026-05-04T09:54:19","modified_gmt":"2026-05-04T07:54:19","slug":"tarifs-2016-2017","status":"publish","type":"page","link":"https:\/\/www.hwarangtkd.fr\/index.php\/tarifs-2016-2017\/","title":{"rendered":"Tarifs 2026-2027"},"content":{"rendered":"<h2><img loading=\"lazy\" decoding=\"async\" class=\"alignnone size-medium wp-image-2286 aligncenter\" src=\"http:\/\/www.hwarangtkd.fr\/wp-content\/uploads\/2025\/09\/Image2-595x17.jpg\" alt=\"\" width=\"595\" height=\"17\" srcset=\"https:\/\/www.hwarangtkd.fr\/wp-content\/uploads\/2025\/09\/Image2-595x17.jpg 595w, https:\/\/www.hwarangtkd.fr\/wp-content\/uploads\/2025\/09\/Image2.jpg 662w\" sizes=\"auto, (max-width: 595px) 100vw, 595px\" \/><\/h2>\n<h3 style=\"text-align: center;\"><strong>Babies (2021-2020-2019) = 170\u20ac<\/strong><\/h3>\n<h3 style=\"text-align: center;\"><strong>Enfants (2018-2017-2016) = 175\u20ac<\/strong><\/h3>\n<h3 style=\"text-align: center;\"><strong>Adolescents (2015 \u00e0 2010) = 185\u20ac<\/strong><\/h3>\n<h3 style=\"text-align: center;\"><strong>Adultes (2009 et avant) = 225\u20ac<\/strong><\/h3>\n<p><img loading=\"lazy\" decoding=\"async\" class=\"alignnone size-medium wp-image-2286 aligncenter\" src=\"http:\/\/www.hwarangtkd.fr\/wp-content\/uploads\/2025\/09\/Image2-595x17.jpg\" alt=\"\" width=\"595\" height=\"17\" srcset=\"https:\/\/www.hwarangtkd.fr\/wp-content\/uploads\/2025\/09\/Image2-595x17.jpg 595w, https:\/\/www.hwarangtkd.fr\/wp-content\/uploads\/2025\/09\/Image2.jpg 662w\" sizes=\"auto, (max-width: 595px) 100vw, 595px\" \/><\/p>\n<h4 style=\"text-align: left;\"><strong>Tout adh\u00e9rent Taekwondo\u00efste a acc\u00e8s \u00e0 tous les cours de Taekwondo.<\/strong><br \/>\n<strong>R\u00e9duction de 40\u20ac pour l&#8217;inscription d&#8217;une autre personne du m\u00eame foyer (-40\u20ac \/ personne en + ).<\/strong><br \/>\n<strong>R\u00e9duction anciennet\u00e9 \u00e0 voir lors de l&#8217;inscription.<\/strong><\/h4>\n<h4 style=\"text-align: left;\"><strong>Nos tarifs prennent en compte le prix de la licence FFTDA qui s&#8217;\u00e9l\u00e8ve \u00e0 40\u20ac.<\/strong><br \/>\n<span style=\"color: #000000;\"><strong>L&#8217;ensemble de ces tarifs donnent acc\u00e8s \u00e0 tous les cours de votre \u00e2ge et grade.<\/strong><\/span><\/h4>\n","protected":false},"excerpt":{"rendered":"<p>Babies (2021-2020-2019) = 170\u20ac Enfants (2018-2017-2016) = 175\u20ac Adolescents (2015 \u00e0 2010) = 185\u20ac Adultes (2009 et avant) = 225\u20ac Tout adh\u00e9rent Taekwondo\u00efste a acc\u00e8s \u00e0 tous les cours de Taekwondo. R\u00e9duction de 40\u20ac pour l&#8217;inscription d&#8217;une autre personne du m\u00eame foyer (-40\u20ac \/ personne en + ). R\u00e9duction anciennet\u00e9 \u00e0 voir lors de l&#8217;inscription. [&hellip;]<\/p>\n","protected":false},"author":1,"featured_media":0,"parent":0,"menu_order":0,"comment_status":"closed","ping_status":"closed","template":"","meta":{"_exactmetrics_skip_tracking":false,"_exactmetrics_sitenote_active":false,"_exactmetrics_sitenote_note":"","_exactmetrics_sitenote_category":0,"footnotes":""},"class_list":["post-99","page","type-page","status-publish","hentry"],"_links":{"self":[{"href":"https:\/\/www.hwarangtkd.fr\/index.php\/wp-json\/wp\/v2\/pages\/99","targetHints":{"allow":["GET"]}}],"collection":[{"href":"https:\/\/www.hwarangtkd.fr\/index.php\/wp-json\/wp\/v2\/pages"}],"about":[{"href":"https:\/\/www.hwarangtkd.fr\/index.php\/wp-json\/wp\/v2\/types\/page"}],"author":[{"embeddable":true,"href":"https:\/\/www.hwarangtkd.fr\/index.php\/wp-json\/wp\/v2\/users\/1"}],"replies":[{"embeddable":true,"href":"https:\/\/www.hwarangtkd.fr\/index.php\/wp-json\/wp\/v2\/comments?post=99"}],"version-history":[{"count":10,"href":"https:\/\/www.hwarangtkd.fr\/index.php\/wp-json\/wp\/v2\/pages\/99\/revisions"}],"predecessor-version":[{"id":2570,"href":"https:\/\/www.hwarangtkd.fr\/index.php\/wp-json\/wp\/v2\/pages\/99\/revisions\/2570"}],"wp:attachment":[{"href":"https:\/\/www.hwarangtkd.fr\/index.php\/wp-json\/wp\/v2\/media?parent=99"}],"curies":[{"name":"wp","href":"https:\/\/api.w.org\/{rel}","templated":true}]}}