{"id":93,"date":"2017-01-22T10:23:03","date_gmt":"2017-01-22T09:23:03","guid":{"rendered":"http:\/\/www.hwarangtkd.fr\/?page_id=93"},"modified":"2026-01-12T15:43:41","modified_gmt":"2026-01-12T14:43:41","slug":"lencadrement","status":"publish","type":"page","link":"https:\/\/www.hwarangtkd.fr\/index.php\/lencadrement\/","title":{"rendered":"L&#8217;encadrement"},"content":{"rendered":"<p><img loading=\"lazy\" decoding=\"async\" class=\"alignnone size-medium wp-image-2286 aligncenter\" src=\"http:\/\/www.hwarangtkd.fr\/wp-content\/uploads\/2025\/09\/Image2-595x17.jpg\" alt=\"\" width=\"595\" height=\"17\" srcset=\"https:\/\/www.hwarangtkd.fr\/wp-content\/uploads\/2025\/09\/Image2-595x17.jpg 595w, https:\/\/www.hwarangtkd.fr\/wp-content\/uploads\/2025\/09\/Image2.jpg 662w\" sizes=\"auto, (max-width: 595px) 100vw, 595px\" \/><\/p>\n<h2 style=\"text-align: center;\"><span style=\"color: #000000;\">Wesley DELANIS<\/span><\/h2>\n<h3 style=\"text-align: left;\">Instructeur principal &#8211; Ceinture noire 3\u00e8me Dan FFTDA \/ WTF<br \/>\nCertificat de qualification professionnelle APAM Mention \u00abTaekwondo ET Disciplines Associ\u00e9es&#8221;<br \/>\nCertification Body Taekwondo<br \/>\nd\u00e9bute le Taekwondo en 1993, 1er Dan en 2004, 2\u00e8me Dan en 2012 et 3\u00e8me Dan 2018.<\/h3>\n<h2><img loading=\"lazy\" decoding=\"async\" class=\"alignnone size-medium wp-image-2286 aligncenter\" src=\"http:\/\/www.hwarangtkd.fr\/wp-content\/uploads\/2025\/09\/Image2-595x17.jpg\" alt=\"\" width=\"595\" height=\"17\" srcset=\"https:\/\/www.hwarangtkd.fr\/wp-content\/uploads\/2025\/09\/Image2-595x17.jpg 595w, https:\/\/www.hwarangtkd.fr\/wp-content\/uploads\/2025\/09\/Image2.jpg 662w\" sizes=\"auto, (max-width: 595px) 100vw, 595px\" \/><\/h2>\n<h2 style=\"text-align: center;\">Palmar\u00e8s<\/h2>\n<h3 style=\"text-align: left;\">Champion d&#8217;Occitanie Master 2 Combat en 2025 et 2026<br \/>\nVice Champion de France Master 1 Combat en 2017 et Master 2 en 2026.<br \/>\nChampion R\u00e9gional Combat 2003<br \/>\n4 Fois Vice Champion de R\u00e9gion Combat (2004,2006,2011,2015)<br \/>\n5 Participations au Championnat de France S\u00e9nior<\/h3>\n<p style=\"text-align: center;\"><img loading=\"lazy\" decoding=\"async\" class=\"alignnone size-medium wp-image-460 alignleft\" src=\"http:\/\/www.hwarangtkd.fr\/wp-content\/uploads\/2017\/01\/DSCN0537-225x300.jpg\" alt=\"\" width=\"225\" height=\"300\" srcset=\"https:\/\/www.hwarangtkd.fr\/wp-content\/uploads\/2017\/01\/DSCN0537-225x300.jpg 225w, https:\/\/www.hwarangtkd.fr\/wp-content\/uploads\/2017\/01\/DSCN0537-768x1024.jpg 768w, https:\/\/www.hwarangtkd.fr\/wp-content\/uploads\/2017\/01\/DSCN0537-370x493.jpg 370w, https:\/\/www.hwarangtkd.fr\/wp-content\/uploads\/2017\/01\/DSCN0537-1040x1387.jpg 1040w\" sizes=\"auto, (max-width: 225px) 100vw, 225px\" \/><\/p>\n","protected":false},"excerpt":{"rendered":"<p>Wesley DELANIS Instructeur principal &#8211; Ceinture noire 3\u00e8me Dan FFTDA \/ WTF Certificat de qualification professionnelle APAM Mention \u00abTaekwondo ET Disciplines Associ\u00e9es&#8221; Certification Body Taekwondo d\u00e9bute le Taekwondo en 1993, 1er Dan en 2004, 2\u00e8me Dan en 2012 et 3\u00e8me Dan 2018. Palmar\u00e8s Champion d&#8217;Occitanie Master 2 Combat en 2025 et 2026 Vice Champion de [&hellip;]<\/p>\n","protected":false},"author":1,"featured_media":0,"parent":0,"menu_order":0,"comment_status":"closed","ping_status":"closed","template":"","meta":{"_exactmetrics_skip_tracking":false,"_exactmetrics_sitenote_active":false,"_exactmetrics_sitenote_note":"","_exactmetrics_sitenote_category":0,"footnotes":""},"class_list":["post-93","page","type-page","status-publish","hentry"],"_links":{"self":[{"href":"https:\/\/www.hwarangtkd.fr\/index.php\/wp-json\/wp\/v2\/pages\/93","targetHints":{"allow":["GET"]}}],"collection":[{"href":"https:\/\/www.hwarangtkd.fr\/index.php\/wp-json\/wp\/v2\/pages"}],"about":[{"href":"https:\/\/www.hwarangtkd.fr\/index.php\/wp-json\/wp\/v2\/types\/page"}],"author":[{"embeddable":true,"href":"https:\/\/www.hwarangtkd.fr\/index.php\/wp-json\/wp\/v2\/users\/1"}],"replies":[{"embeddable":true,"href":"https:\/\/www.hwarangtkd.fr\/index.php\/wp-json\/wp\/v2\/comments?post=93"}],"version-history":[{"count":5,"href":"https:\/\/www.hwarangtkd.fr\/index.php\/wp-json\/wp\/v2\/pages\/93\/revisions"}],"predecessor-version":[{"id":2512,"href":"https:\/\/www.hwarangtkd.fr\/index.php\/wp-json\/wp\/v2\/pages\/93\/revisions\/2512"}],"wp:attachment":[{"href":"https:\/\/www.hwarangtkd.fr\/index.php\/wp-json\/wp\/v2\/media?parent=93"}],"curies":[{"name":"wp","href":"https:\/\/api.w.org\/{rel}","templated":true}]}}