{"id":845,"date":"2017-05-01T14:25:03","date_gmt":"2017-05-01T12:25:03","guid":{"rendered":"http:\/\/www.hwarangtkd.fr\/?page_id=845"},"modified":"2026-05-04T10:08:38","modified_gmt":"2026-05-04T08:08:38","slug":"baby-taekwondo","status":"publish","type":"page","link":"https:\/\/www.hwarangtkd.fr\/index.php\/baby-taekwondo\/","title":{"rendered":"Baby TaeKwonDo"},"content":{"rendered":"<p>La section Baby-Taekwondo s\u2019adresse aux enfants \u00e2g\u00e9s\u00a0<strong>de 5 ans \u00e0 8 ans <\/strong>(Exemple : pour la saison 2026-2027, l&#8217;enfant doit avoir 5ans en 2026).<\/p>\n<p>Les cours sont bas\u00e9s sur un ensemble d\u2019activit\u00e9s ludiques visant \u00e0 am\u00e9liorer la motricit\u00e9, la coordination et la socialisation de l\u2019enfant.<\/p>\n<p>Ils favorisent l\u2019apprentissage des valeurs et la d\u00e9couverte des \u00e9motions, mais reste toutefois dans\u00a0<strong>un \u00e9tat d\u2019esprit de jeu et de d\u00e9tente.<\/strong><\/p>\n<p>Les enfants feront des exercices en lien avec le Taekwondo malgr\u00e9 le manque de coordination \u00e0 leur \u00e2ge. Ils apprendront les termes Cor\u00e9ens : Dojang, tchaliot, kyony\u00e9, balo, diodola&#8230;. Egalement savoir compter Hana, Dol, Set, Net, Dasot, Yosot, Ylgop, Yodol, Ahop et Yeul.<\/p>\n<p>L&#8217;apprentissage des Poomses (encha\u00eenement gestuel de techniques de blocage et d&#8217;attaque) et de coup de pied sur cible ou mannequin.<\/p>\n<p><img loading=\"lazy\" decoding=\"async\" class=\"alignnone size-medium wp-image-2572\" src=\"http:\/\/www.hwarangtkd.fr\/wp-content\/uploads\/2026\/05\/baby-5ans-595x595.jpg\" alt=\"\" width=\"595\" height=\"595\" srcset=\"https:\/\/www.hwarangtkd.fr\/wp-content\/uploads\/2026\/05\/baby-5ans-595x595.jpg 595w, https:\/\/www.hwarangtkd.fr\/wp-content\/uploads\/2026\/05\/baby-5ans-960x960.jpg 960w, https:\/\/www.hwarangtkd.fr\/wp-content\/uploads\/2026\/05\/baby-5ans-768x768.jpg 768w, https:\/\/www.hwarangtkd.fr\/wp-content\/uploads\/2026\/05\/baby-5ans.jpg 1024w\" sizes=\"auto, (max-width: 595px) 100vw, 595px\" \/><\/p>\n","protected":false},"excerpt":{"rendered":"<p>La section Baby-Taekwondo s\u2019adresse aux enfants \u00e2g\u00e9s\u00a0de 5 ans \u00e0 8 ans (Exemple : pour la saison 2026-2027, l&#8217;enfant doit avoir 5ans en 2026). Les cours sont bas\u00e9s sur un ensemble d\u2019activit\u00e9s ludiques visant \u00e0 am\u00e9liorer la motricit\u00e9, la coordination et la socialisation de l\u2019enfant. Ils favorisent l\u2019apprentissage des valeurs et la d\u00e9couverte des \u00e9motions, [&hellip;]<\/p>\n","protected":false},"author":1,"featured_media":0,"parent":0,"menu_order":0,"comment_status":"closed","ping_status":"closed","template":"","meta":{"_exactmetrics_skip_tracking":false,"_exactmetrics_sitenote_active":false,"_exactmetrics_sitenote_note":"","_exactmetrics_sitenote_category":0,"footnotes":""},"class_list":["post-845","page","type-page","status-publish","hentry"],"_links":{"self":[{"href":"https:\/\/www.hwarangtkd.fr\/index.php\/wp-json\/wp\/v2\/pages\/845","targetHints":{"allow":["GET"]}}],"collection":[{"href":"https:\/\/www.hwarangtkd.fr\/index.php\/wp-json\/wp\/v2\/pages"}],"about":[{"href":"https:\/\/www.hwarangtkd.fr\/index.php\/wp-json\/wp\/v2\/types\/page"}],"author":[{"embeddable":true,"href":"https:\/\/www.hwarangtkd.fr\/index.php\/wp-json\/wp\/v2\/users\/1"}],"replies":[{"embeddable":true,"href":"https:\/\/www.hwarangtkd.fr\/index.php\/wp-json\/wp\/v2\/comments?post=845"}],"version-history":[{"count":3,"href":"https:\/\/www.hwarangtkd.fr\/index.php\/wp-json\/wp\/v2\/pages\/845\/revisions"}],"predecessor-version":[{"id":2573,"href":"https:\/\/www.hwarangtkd.fr\/index.php\/wp-json\/wp\/v2\/pages\/845\/revisions\/2573"}],"wp:attachment":[{"href":"https:\/\/www.hwarangtkd.fr\/index.php\/wp-json\/wp\/v2\/media?parent=845"}],"curies":[{"name":"wp","href":"https:\/\/api.w.org\/{rel}","templated":true}]}}