{"id":816,"date":"2017-03-31T10:57:43","date_gmt":"2017-03-31T08:57:43","guid":{"rendered":"http:\/\/www.hwarangtkd.fr\/?page_id=816"},"modified":"2025-10-09T14:03:01","modified_gmt":"2025-10-09T12:03:01","slug":"grades","status":"publish","type":"page","link":"https:\/\/www.hwarangtkd.fr\/index.php\/grades\/","title":{"rendered":"Grad\u00e9s"},"content":{"rendered":"<p><img loading=\"lazy\" decoding=\"async\" class=\"alignnone size-medium wp-image-2286 aligncenter\" src=\"http:\/\/www.hwarangtkd.fr\/wp-content\/uploads\/2025\/09\/Image2-595x17.jpg\" alt=\"\" width=\"595\" height=\"17\" srcset=\"https:\/\/www.hwarangtkd.fr\/wp-content\/uploads\/2025\/09\/Image2-595x17.jpg 595w, https:\/\/www.hwarangtkd.fr\/wp-content\/uploads\/2025\/09\/Image2.jpg 662w\" sizes=\"auto, (max-width: 595px) 100vw, 595px\" \/><\/p>\n<p>Toutes les ceintures noires du club ont un grade officiel de la F\u00e9d\u00e9ration Fran\u00e7aise de Taekwondo et Disciplines Associ\u00e9es. Voici le lien :<a href=\"https:\/\/www.fftda.fr\/fr\/103-liste-des-grades.html\">https:\/\/www.fftda.fr\/fr\/103-liste-des-grades.html<\/a>\u00a0<\/p>\n<p>PS : il faut faire attention \u00e0 l&#8217;usurpation de grade.<\/p>\n<p><img loading=\"lazy\" decoding=\"async\" class=\"alignnone  wp-image-2127\" src=\"http:\/\/www.hwarangtkd.fr\/wp-content\/uploads\/2025\/03\/SDXY6852-595x397.jpeg\" alt=\"\" width=\"501\" height=\"334\" srcset=\"https:\/\/www.hwarangtkd.fr\/wp-content\/uploads\/2025\/03\/SDXY6852-595x397.jpeg 595w, https:\/\/www.hwarangtkd.fr\/wp-content\/uploads\/2025\/03\/SDXY6852-960x640.jpeg 960w, https:\/\/www.hwarangtkd.fr\/wp-content\/uploads\/2025\/03\/SDXY6852-768x512.jpeg 768w, https:\/\/www.hwarangtkd.fr\/wp-content\/uploads\/2025\/03\/SDXY6852-1536x1024.jpeg 1536w, https:\/\/www.hwarangtkd.fr\/wp-content\/uploads\/2025\/03\/SDXY6852-2048x1366.jpeg 2048w\" sizes=\"auto, (max-width: 501px) 100vw, 501px\" \/><\/p>\n<p style=\"text-align: center;\"><img loading=\"lazy\" decoding=\"async\" class=\"size-medium wp-image-2286 aligncenter\" src=\"http:\/\/www.hwarangtkd.fr\/wp-content\/uploads\/2025\/09\/Image2-595x17.jpg\" alt=\"\" width=\"595\" height=\"17\" srcset=\"https:\/\/www.hwarangtkd.fr\/wp-content\/uploads\/2025\/09\/Image2-595x17.jpg 595w, https:\/\/www.hwarangtkd.fr\/wp-content\/uploads\/2025\/09\/Image2.jpg 662w\" sizes=\"auto, (max-width: 595px) 100vw, 595px\" \/><\/p>\n<p>Delanis Wesley 1er dan 2004, 2\u00e8me Dan 2012 et 3\u00e8me Dan FFTDA \/ WTF en 2018\u00a0<\/p>\n<p><img loading=\"lazy\" decoding=\"async\" class=\"alignnone  wp-image-1873\" src=\"http:\/\/www.hwarangtkd.fr\/wp-content\/uploads\/2023\/12\/Wesley-dan-595x793.jpg\" alt=\"\" width=\"498\" height=\"664\" srcset=\"https:\/\/www.hwarangtkd.fr\/wp-content\/uploads\/2023\/12\/Wesley-dan-595x793.jpg 595w, https:\/\/www.hwarangtkd.fr\/wp-content\/uploads\/2023\/12\/Wesley-dan-960x1280.jpg 960w, https:\/\/www.hwarangtkd.fr\/wp-content\/uploads\/2023\/12\/Wesley-dan-480x640.jpg 480w, https:\/\/www.hwarangtkd.fr\/wp-content\/uploads\/2023\/12\/Wesley-dan-768x1024.jpg 768w, https:\/\/www.hwarangtkd.fr\/wp-content\/uploads\/2023\/12\/Wesley-dan-1152x1536.jpg 1152w, https:\/\/www.hwarangtkd.fr\/wp-content\/uploads\/2023\/12\/Wesley-dan-1536x2048.jpg 1536w, https:\/\/www.hwarangtkd.fr\/wp-content\/uploads\/2023\/12\/Wesley-dan-scaled.jpg 1920w\" sizes=\"auto, (max-width: 498px) 100vw, 498px\" \/><\/p>\n<p><img loading=\"lazy\" decoding=\"async\" class=\"alignnone size-medium wp-image-2286 aligncenter\" src=\"http:\/\/www.hwarangtkd.fr\/wp-content\/uploads\/2025\/09\/Image2-595x17.jpg\" alt=\"\" width=\"595\" height=\"17\" srcset=\"https:\/\/www.hwarangtkd.fr\/wp-content\/uploads\/2025\/09\/Image2-595x17.jpg 595w, https:\/\/www.hwarangtkd.fr\/wp-content\/uploads\/2025\/09\/Image2.jpg 662w\" sizes=\"auto, (max-width: 595px) 100vw, 595px\" \/><\/p>\n<p style=\"text-align: left;\">SALINI\u00c9 Guillaume 1er Dan FFTDA \/ WTF en Mars 2016<\/p>\n<p><img loading=\"lazy\" decoding=\"async\" class=\"alignnone  wp-image-1874\" src=\"http:\/\/www.hwarangtkd.fr\/wp-content\/uploads\/2023\/12\/guillaume-dan-595x793.jpg\" alt=\"\" width=\"499\" height=\"665\" srcset=\"https:\/\/www.hwarangtkd.fr\/wp-content\/uploads\/2023\/12\/guillaume-dan-595x793.jpg 595w, https:\/\/www.hwarangtkd.fr\/wp-content\/uploads\/2023\/12\/guillaume-dan-960x1280.jpg 960w, https:\/\/www.hwarangtkd.fr\/wp-content\/uploads\/2023\/12\/guillaume-dan-480x640.jpg 480w, https:\/\/www.hwarangtkd.fr\/wp-content\/uploads\/2023\/12\/guillaume-dan-768x1024.jpg 768w, https:\/\/www.hwarangtkd.fr\/wp-content\/uploads\/2023\/12\/guillaume-dan-1152x1536.jpg 1152w, https:\/\/www.hwarangtkd.fr\/wp-content\/uploads\/2023\/12\/guillaume-dan-1536x2048.jpg 1536w, https:\/\/www.hwarangtkd.fr\/wp-content\/uploads\/2023\/12\/guillaume-dan-scaled.jpg 1920w\" sizes=\"auto, (max-width: 499px) 100vw, 499px\" \/><\/p>\n<p><img loading=\"lazy\" decoding=\"async\" class=\"alignnone size-medium wp-image-2286 aligncenter\" src=\"http:\/\/www.hwarangtkd.fr\/wp-content\/uploads\/2025\/09\/Image2-595x17.jpg\" alt=\"\" width=\"595\" height=\"17\" srcset=\"https:\/\/www.hwarangtkd.fr\/wp-content\/uploads\/2025\/09\/Image2-595x17.jpg 595w, https:\/\/www.hwarangtkd.fr\/wp-content\/uploads\/2025\/09\/Image2.jpg 662w\" sizes=\"auto, (max-width: 595px) 100vw, 595px\" \/><\/p>\n<p>DELANIS (BREIDENBACH) Lucie 1er Dan FFTDA \/ WTF Mars 2016<\/p>\n<p><img loading=\"lazy\" decoding=\"async\" class=\"alignnone  wp-image-1875\" src=\"http:\/\/www.hwarangtkd.fr\/wp-content\/uploads\/2023\/12\/lucie-dan-595x793.jpg\" alt=\"\" width=\"500\" height=\"666\" srcset=\"https:\/\/www.hwarangtkd.fr\/wp-content\/uploads\/2023\/12\/lucie-dan-595x793.jpg 595w, https:\/\/www.hwarangtkd.fr\/wp-content\/uploads\/2023\/12\/lucie-dan-960x1280.jpg 960w, https:\/\/www.hwarangtkd.fr\/wp-content\/uploads\/2023\/12\/lucie-dan-480x640.jpg 480w, https:\/\/www.hwarangtkd.fr\/wp-content\/uploads\/2023\/12\/lucie-dan-768x1024.jpg 768w, https:\/\/www.hwarangtkd.fr\/wp-content\/uploads\/2023\/12\/lucie-dan-1152x1536.jpg 1152w, https:\/\/www.hwarangtkd.fr\/wp-content\/uploads\/2023\/12\/lucie-dan-1536x2048.jpg 1536w, https:\/\/www.hwarangtkd.fr\/wp-content\/uploads\/2023\/12\/lucie-dan-scaled.jpg 1920w\" sizes=\"auto, (max-width: 500px) 100vw, 500px\" \/><\/p>\n<p><img loading=\"lazy\" decoding=\"async\" class=\"alignnone size-medium wp-image-2286 aligncenter\" src=\"http:\/\/www.hwarangtkd.fr\/wp-content\/uploads\/2025\/09\/Image2-595x17.jpg\" alt=\"\" width=\"595\" height=\"17\" srcset=\"https:\/\/www.hwarangtkd.fr\/wp-content\/uploads\/2025\/09\/Image2-595x17.jpg 595w, https:\/\/www.hwarangtkd.fr\/wp-content\/uploads\/2025\/09\/Image2.jpg 662w\" sizes=\"auto, (max-width: 595px) 100vw, 595px\" \/><\/p>\n<p>BUSIN (CANER) Ma\u00ebva 1er Dan FFTDA \/ WTF en Juillet 2023<\/p>\n<p><img loading=\"lazy\" decoding=\"async\" class=\"alignnone  wp-image-1877\" src=\"http:\/\/www.hwarangtkd.fr\/wp-content\/uploads\/2023\/12\/Maeva-Dan-1-595x793.jpg\" alt=\"\" width=\"500\" height=\"666\" srcset=\"https:\/\/www.hwarangtkd.fr\/wp-content\/uploads\/2023\/12\/Maeva-Dan-1-595x793.jpg 595w, https:\/\/www.hwarangtkd.fr\/wp-content\/uploads\/2023\/12\/Maeva-Dan-1-960x1280.jpg 960w, https:\/\/www.hwarangtkd.fr\/wp-content\/uploads\/2023\/12\/Maeva-Dan-1-480x640.jpg 480w, https:\/\/www.hwarangtkd.fr\/wp-content\/uploads\/2023\/12\/Maeva-Dan-1-768x1024.jpg 768w, https:\/\/www.hwarangtkd.fr\/wp-content\/uploads\/2023\/12\/Maeva-Dan-1-1152x1536.jpg 1152w, https:\/\/www.hwarangtkd.fr\/wp-content\/uploads\/2023\/12\/Maeva-Dan-1-1536x2048.jpg 1536w, https:\/\/www.hwarangtkd.fr\/wp-content\/uploads\/2023\/12\/Maeva-Dan-1-scaled.jpg 1920w\" sizes=\"auto, (max-width: 500px) 100vw, 500px\" \/><\/p>\n<p><img loading=\"lazy\" decoding=\"async\" class=\"alignnone size-medium wp-image-2286 aligncenter\" src=\"http:\/\/www.hwarangtkd.fr\/wp-content\/uploads\/2025\/09\/Image2-595x17.jpg\" alt=\"\" width=\"595\" height=\"17\" srcset=\"https:\/\/www.hwarangtkd.fr\/wp-content\/uploads\/2025\/09\/Image2-595x17.jpg 595w, https:\/\/www.hwarangtkd.fr\/wp-content\/uploads\/2025\/09\/Image2.jpg 662w\" sizes=\"auto, (max-width: 595px) 100vw, 595px\" \/><\/p>\n<p>AULI\u00c9 St\u00e9phanie 1er Dan FFTDA \/ WTF en D\u00e9cembre 2023<\/p>\n<p><img loading=\"lazy\" decoding=\"async\" class=\"alignnone  wp-image-1878\" src=\"http:\/\/www.hwarangtkd.fr\/wp-content\/uploads\/2023\/12\/Steph-dan-595x793.jpg\" alt=\"\" width=\"500\" height=\"666\" srcset=\"https:\/\/www.hwarangtkd.fr\/wp-content\/uploads\/2023\/12\/Steph-dan-595x793.jpg 595w, https:\/\/www.hwarangtkd.fr\/wp-content\/uploads\/2023\/12\/Steph-dan-960x1280.jpg 960w, https:\/\/www.hwarangtkd.fr\/wp-content\/uploads\/2023\/12\/Steph-dan-480x640.jpg 480w, https:\/\/www.hwarangtkd.fr\/wp-content\/uploads\/2023\/12\/Steph-dan-768x1024.jpg 768w, https:\/\/www.hwarangtkd.fr\/wp-content\/uploads\/2023\/12\/Steph-dan-1152x1536.jpg 1152w, https:\/\/www.hwarangtkd.fr\/wp-content\/uploads\/2023\/12\/Steph-dan-1536x2048.jpg 1536w, https:\/\/www.hwarangtkd.fr\/wp-content\/uploads\/2023\/12\/Steph-dan-scaled.jpg 1920w\" sizes=\"auto, (max-width: 500px) 100vw, 500px\" \/><\/p>\n<p><img loading=\"lazy\" decoding=\"async\" class=\"alignnone size-medium wp-image-2286 aligncenter\" src=\"http:\/\/www.hwarangtkd.fr\/wp-content\/uploads\/2025\/09\/Image2-595x17.jpg\" alt=\"\" width=\"595\" height=\"17\" srcset=\"https:\/\/www.hwarangtkd.fr\/wp-content\/uploads\/2025\/09\/Image2-595x17.jpg 595w, https:\/\/www.hwarangtkd.fr\/wp-content\/uploads\/2025\/09\/Image2.jpg 662w\" sizes=\"auto, (max-width: 595px) 100vw, 595px\" \/><\/p>\n<p>BASTIN Christophe 1er Dan FFTDA \/ WTF en D\u00e9cembre 2023<\/p>\n<p><img loading=\"lazy\" decoding=\"async\" class=\"alignnone  wp-image-1879\" src=\"http:\/\/www.hwarangtkd.fr\/wp-content\/uploads\/2023\/12\/christophe-dan-595x793.jpg\" alt=\"\" width=\"500\" height=\"666\" srcset=\"https:\/\/www.hwarangtkd.fr\/wp-content\/uploads\/2023\/12\/christophe-dan-595x793.jpg 595w, https:\/\/www.hwarangtkd.fr\/wp-content\/uploads\/2023\/12\/christophe-dan-960x1280.jpg 960w, https:\/\/www.hwarangtkd.fr\/wp-content\/uploads\/2023\/12\/christophe-dan-480x640.jpg 480w, https:\/\/www.hwarangtkd.fr\/wp-content\/uploads\/2023\/12\/christophe-dan-768x1024.jpg 768w, https:\/\/www.hwarangtkd.fr\/wp-content\/uploads\/2023\/12\/christophe-dan-1152x1536.jpg 1152w, https:\/\/www.hwarangtkd.fr\/wp-content\/uploads\/2023\/12\/christophe-dan-1536x2048.jpg 1536w, https:\/\/www.hwarangtkd.fr\/wp-content\/uploads\/2023\/12\/christophe-dan-scaled.jpg 1920w\" sizes=\"auto, (max-width: 500px) 100vw, 500px\" \/><\/p>\n<p><img loading=\"lazy\" decoding=\"async\" class=\"alignnone size-medium wp-image-2286 aligncenter\" src=\"http:\/\/www.hwarangtkd.fr\/wp-content\/uploads\/2025\/09\/Image2-595x17.jpg\" alt=\"\" width=\"595\" height=\"17\" srcset=\"https:\/\/www.hwarangtkd.fr\/wp-content\/uploads\/2025\/09\/Image2-595x17.jpg 595w, https:\/\/www.hwarangtkd.fr\/wp-content\/uploads\/2025\/09\/Image2.jpg 662w\" sizes=\"auto, (max-width: 595px) 100vw, 595px\" \/><\/p>\n\n\n<p>PARNAUDEAU Le\u00efla 1er Dan FFTDA \/ WTF en Juillet 2024<\/p>\n\n\n\n<figure class=\"wp-block-image size-large is-resized\"><img loading=\"lazy\" decoding=\"async\" width=\"960\" height=\"1279\" src=\"http:\/\/www.hwarangtkd.fr\/wp-content\/uploads\/2024\/07\/Leila-1-2-960x1279.jpg\" alt=\"\" class=\"wp-image-1972\" style=\"aspect-ratio:0.7503267973856209;width:500px;height:auto\" srcset=\"https:\/\/www.hwarangtkd.fr\/wp-content\/uploads\/2024\/07\/Leila-1-2-960x1279.jpg 960w, https:\/\/www.hwarangtkd.fr\/wp-content\/uploads\/2024\/07\/Leila-1-2-595x793.jpg 595w, https:\/\/www.hwarangtkd.fr\/wp-content\/uploads\/2024\/07\/Leila-1-2-480x640.jpg 480w, https:\/\/www.hwarangtkd.fr\/wp-content\/uploads\/2024\/07\/Leila-1-2-768x1023.jpg 768w, https:\/\/www.hwarangtkd.fr\/wp-content\/uploads\/2024\/07\/Leila-1-2-1153x1536.jpg 1153w, https:\/\/www.hwarangtkd.fr\/wp-content\/uploads\/2024\/07\/Leila-1-2.jpg 1265w\" sizes=\"auto, (max-width: 960px) 100vw, 960px\" \/><\/figure>\n\n\n\n<p><\/p>\n\n\n<div class=\"wp-block-image\">\n<figure class=\"aligncenter size-full\"><img loading=\"lazy\" decoding=\"async\" width=\"662\" height=\"19\" src=\"http:\/\/www.hwarangtkd.fr\/wp-content\/uploads\/2025\/09\/Image2.jpg\" alt=\"\" class=\"wp-image-2286\" srcset=\"https:\/\/www.hwarangtkd.fr\/wp-content\/uploads\/2025\/09\/Image2.jpg 662w, https:\/\/www.hwarangtkd.fr\/wp-content\/uploads\/2025\/09\/Image2-595x17.jpg 595w\" sizes=\"auto, (max-width: 662px) 100vw, 662px\" \/><\/figure>\n<\/div>\n\n\n<p>AULI\u00c9 Romane 1er Dan FFTDA \/ WTF en Juillet 2024<\/p>\n\n\n\n<figure class=\"wp-block-image size-large is-resized\"><img loading=\"lazy\" decoding=\"async\" width=\"960\" height=\"1340\" src=\"http:\/\/www.hwarangtkd.fr\/wp-content\/uploads\/2024\/07\/Romane-960x1340.jpg\" alt=\"\" class=\"wp-image-1973\" style=\"aspect-ratio:0.71625;width:498px;height:auto\" srcset=\"https:\/\/www.hwarangtkd.fr\/wp-content\/uploads\/2024\/07\/Romane-960x1340.jpg 960w, https:\/\/www.hwarangtkd.fr\/wp-content\/uploads\/2024\/07\/Romane-595x830.jpg 595w, https:\/\/www.hwarangtkd.fr\/wp-content\/uploads\/2024\/07\/Romane-768x1072.jpg 768w, https:\/\/www.hwarangtkd.fr\/wp-content\/uploads\/2024\/07\/Romane-1101x1536.jpg 1101w, https:\/\/www.hwarangtkd.fr\/wp-content\/uploads\/2024\/07\/Romane.jpg 1166w\" sizes=\"auto, (max-width: 960px) 100vw, 960px\" \/><\/figure>\n\n\n\n<p><\/p>\n\n\n<div class=\"wp-block-image\">\n<figure class=\"aligncenter size-full\"><img loading=\"lazy\" decoding=\"async\" width=\"662\" height=\"19\" src=\"http:\/\/www.hwarangtkd.fr\/wp-content\/uploads\/2025\/09\/Image2.jpg\" alt=\"\" class=\"wp-image-2286\" srcset=\"https:\/\/www.hwarangtkd.fr\/wp-content\/uploads\/2025\/09\/Image2.jpg 662w, https:\/\/www.hwarangtkd.fr\/wp-content\/uploads\/2025\/09\/Image2-595x17.jpg 595w\" sizes=\"auto, (max-width: 662px) 100vw, 662px\" \/><\/figure>\n<\/div>\n\n\n<p>BERNARD Kiliann 1er Dan FFTDA \/ WTF en Novembre 2024<\/p>\n\n\n\n<figure class=\"wp-block-image size-large is-resized\"><img loading=\"lazy\" decoding=\"async\" width=\"960\" height=\"1280\" src=\"https:\/\/www.hwarangtkd.fr\/wp-content\/uploads\/2025\/01\/IMG_3849-960x1280.jpg\" alt=\"\" class=\"wp-image-2052\" style=\"width:497px;height:auto\" srcset=\"https:\/\/www.hwarangtkd.fr\/wp-content\/uploads\/2025\/01\/IMG_3849-960x1280.jpg 960w, https:\/\/www.hwarangtkd.fr\/wp-content\/uploads\/2025\/01\/IMG_3849-595x793.jpg 595w, https:\/\/www.hwarangtkd.fr\/wp-content\/uploads\/2025\/01\/IMG_3849-480x640.jpg 480w, https:\/\/www.hwarangtkd.fr\/wp-content\/uploads\/2025\/01\/IMG_3849-768x1024.jpg 768w, https:\/\/www.hwarangtkd.fr\/wp-content\/uploads\/2025\/01\/IMG_3849-1152x1536.jpg 1152w, https:\/\/www.hwarangtkd.fr\/wp-content\/uploads\/2025\/01\/IMG_3849-1536x2048.jpg 1536w, https:\/\/www.hwarangtkd.fr\/wp-content\/uploads\/2025\/01\/IMG_3849-scaled.jpg 1920w\" sizes=\"auto, (max-width: 960px) 100vw, 960px\" \/><\/figure>\n\n\n\n<p><\/p>\n\n\n<div class=\"wp-block-image\">\n<figure class=\"aligncenter size-full\"><img loading=\"lazy\" decoding=\"async\" width=\"662\" height=\"19\" src=\"http:\/\/www.hwarangtkd.fr\/wp-content\/uploads\/2025\/09\/Image2.jpg\" alt=\"\" class=\"wp-image-2286\" srcset=\"https:\/\/www.hwarangtkd.fr\/wp-content\/uploads\/2025\/09\/Image2.jpg 662w, https:\/\/www.hwarangtkd.fr\/wp-content\/uploads\/2025\/09\/Image2-595x17.jpg 595w\" sizes=\"auto, (max-width: 662px) 100vw, 662px\" \/><\/figure>\n<\/div>\n\n\n<p>MESROBYAN Michel 1er Dan FFTDA \/ WTF en Novembre 2024<\/p>\n\n\n\n<figure class=\"wp-block-image size-large is-resized\"><img loading=\"lazy\" decoding=\"async\" width=\"960\" height=\"1280\" src=\"https:\/\/www.hwarangtkd.fr\/wp-content\/uploads\/2025\/01\/IMG_3852-960x1280.jpg\" alt=\"\" class=\"wp-image-2054\" style=\"width:498px;height:auto\" srcset=\"https:\/\/www.hwarangtkd.fr\/wp-content\/uploads\/2025\/01\/IMG_3852-960x1280.jpg 960w, https:\/\/www.hwarangtkd.fr\/wp-content\/uploads\/2025\/01\/IMG_3852-595x793.jpg 595w, https:\/\/www.hwarangtkd.fr\/wp-content\/uploads\/2025\/01\/IMG_3852-480x640.jpg 480w, https:\/\/www.hwarangtkd.fr\/wp-content\/uploads\/2025\/01\/IMG_3852-768x1024.jpg 768w, https:\/\/www.hwarangtkd.fr\/wp-content\/uploads\/2025\/01\/IMG_3852-1152x1536.jpg 1152w, https:\/\/www.hwarangtkd.fr\/wp-content\/uploads\/2025\/01\/IMG_3852-1536x2048.jpg 1536w, https:\/\/www.hwarangtkd.fr\/wp-content\/uploads\/2025\/01\/IMG_3852-scaled.jpg 1920w\" sizes=\"auto, (max-width: 960px) 100vw, 960px\" \/><\/figure>\n","protected":false},"excerpt":{"rendered":"<p>Toutes les ceintures noires du club ont un grade officiel de la F\u00e9d\u00e9ration Fran\u00e7aise de Taekwondo et Disciplines Associ\u00e9es. Voici le lien :https:\/\/www.fftda.fr\/fr\/103-liste-des-grades.html\u00a0 PS : il faut faire attention \u00e0 l&#8217;usurpation de grade. Delanis Wesley 1er dan 2004, 2\u00e8me Dan 2012 et 3\u00e8me Dan FFTDA \/ WTF en 2018\u00a0 SALINI\u00c9 Guillaume 1er Dan FFTDA \/ [&hellip;]<\/p>\n","protected":false},"author":1,"featured_media":0,"parent":0,"menu_order":0,"comment_status":"closed","ping_status":"closed","template":"","meta":{"_exactmetrics_skip_tracking":false,"_exactmetrics_sitenote_active":false,"_exactmetrics_sitenote_note":"","_exactmetrics_sitenote_category":0,"footnotes":""},"class_list":["post-816","page","type-page","status-publish","hentry"],"_links":{"self":[{"href":"https:\/\/www.hwarangtkd.fr\/index.php\/wp-json\/wp\/v2\/pages\/816","targetHints":{"allow":["GET"]}}],"collection":[{"href":"https:\/\/www.hwarangtkd.fr\/index.php\/wp-json\/wp\/v2\/pages"}],"about":[{"href":"https:\/\/www.hwarangtkd.fr\/index.php\/wp-json\/wp\/v2\/types\/page"}],"author":[{"embeddable":true,"href":"https:\/\/www.hwarangtkd.fr\/index.php\/wp-json\/wp\/v2\/users\/1"}],"replies":[{"embeddable":true,"href":"https:\/\/www.hwarangtkd.fr\/index.php\/wp-json\/wp\/v2\/comments?post=816"}],"version-history":[{"count":20,"href":"https:\/\/www.hwarangtkd.fr\/index.php\/wp-json\/wp\/v2\/pages\/816\/revisions"}],"predecessor-version":[{"id":2337,"href":"https:\/\/www.hwarangtkd.fr\/index.php\/wp-json\/wp\/v2\/pages\/816\/revisions\/2337"}],"wp:attachment":[{"href":"https:\/\/www.hwarangtkd.fr\/index.php\/wp-json\/wp\/v2\/media?parent=816"}],"curies":[{"name":"wp","href":"https:\/\/api.w.org\/{rel}","templated":true}]}}