{"id":715,"date":"2017-01-26T11:57:27","date_gmt":"2017-01-26T10:57:27","guid":{"rendered":"http:\/\/www.hwarangtkd.fr\/?page_id=715"},"modified":"2025-01-20T10:50:42","modified_gmt":"2025-01-20T09:50:42","slug":"lequipement-club","status":"publish","type":"page","link":"https:\/\/www.hwarangtkd.fr\/index.php\/lequipement-club\/","title":{"rendered":"L&#8217;\u00e9quipement Club"},"content":{"rendered":"<p>Pour promouvoir et avoir tous les m\u00eames couleurs lors des comp\u00e9titions en voil\u00e0 une id\u00e9e qu&#8217;elle est bonne!<\/p>\n<p>Plut\u00f4t qu&#8217;avoir un sac de sport quelconque, il y a le sac du Hwarang!<\/p>\n<p><img loading=\"lazy\" decoding=\"async\" class=\"alignnone wp-image-716\" src=\"http:\/\/www.hwarangtkd.fr\/wp-content\/uploads\/2017\/01\/Sac-maquette-Sport-2000-595x370.jpg\" alt=\"\" width=\"457\" height=\"285\" srcset=\"https:\/\/www.hwarangtkd.fr\/wp-content\/uploads\/2017\/01\/Sac-maquette-Sport-2000-595x370.jpg 595w, https:\/\/www.hwarangtkd.fr\/wp-content\/uploads\/2017\/01\/Sac-maquette-Sport-2000.jpg 728w\" sizes=\"auto, (max-width: 457px) 100vw, 457px\" \/><\/p>\n<p>Le t-shirt du Hwarang TKD<\/p>\n<p><img loading=\"lazy\" decoding=\"async\" class=\"alignnone  wp-image-2069\" src=\"http:\/\/www.hwarangtkd.fr\/wp-content\/uploads\/2025\/01\/IMG_4235-595x595.jpg\" alt=\"\" width=\"445\" height=\"445\" srcset=\"https:\/\/www.hwarangtkd.fr\/wp-content\/uploads\/2025\/01\/IMG_4235-595x595.jpg 595w, https:\/\/www.hwarangtkd.fr\/wp-content\/uploads\/2025\/01\/IMG_4235-960x960.jpg 960w, https:\/\/www.hwarangtkd.fr\/wp-content\/uploads\/2025\/01\/IMG_4235-768x768.jpg 768w, https:\/\/www.hwarangtkd.fr\/wp-content\/uploads\/2025\/01\/IMG_4235-1536x1536.jpg 1536w, https:\/\/www.hwarangtkd.fr\/wp-content\/uploads\/2025\/01\/IMG_4235-2048x2048.jpg 2048w\" sizes=\"auto, (max-width: 445px) 100vw, 445px\" \/><\/p>\n<p>Le sweat capuche noir et rouge avec l&#8217;\u00e9cusson du club<\/p>\n<p><img loading=\"lazy\" decoding=\"async\" class=\"alignnone  wp-image-2072\" src=\"http:\/\/www.hwarangtkd.fr\/wp-content\/uploads\/2025\/01\/IMG_4319-595x793.jpg\" alt=\"\" width=\"445\" height=\"593\" srcset=\"https:\/\/www.hwarangtkd.fr\/wp-content\/uploads\/2025\/01\/IMG_4319-595x793.jpg 595w, https:\/\/www.hwarangtkd.fr\/wp-content\/uploads\/2025\/01\/IMG_4319-960x1280.jpg 960w, https:\/\/www.hwarangtkd.fr\/wp-content\/uploads\/2025\/01\/IMG_4319-480x640.jpg 480w, https:\/\/www.hwarangtkd.fr\/wp-content\/uploads\/2025\/01\/IMG_4319-768x1024.jpg 768w, https:\/\/www.hwarangtkd.fr\/wp-content\/uploads\/2025\/01\/IMG_4319-1152x1536.jpg 1152w, https:\/\/www.hwarangtkd.fr\/wp-content\/uploads\/2025\/01\/IMG_4319-1536x2048.jpg 1536w, https:\/\/www.hwarangtkd.fr\/wp-content\/uploads\/2025\/01\/IMG_4319-scaled.jpg 1920w\" sizes=\"auto, (max-width: 445px) 100vw, 445px\" \/><\/p>\n<p>Le doudoune bleue avec l&#8217;\u00e9cusson du club.<\/p>\n<p><img loading=\"lazy\" decoding=\"async\" class=\"alignnone  wp-image-2074\" src=\"http:\/\/www.hwarangtkd.fr\/wp-content\/uploads\/2025\/01\/IMG_4321-595x793.jpg\" alt=\"\" width=\"444\" height=\"591\" srcset=\"https:\/\/www.hwarangtkd.fr\/wp-content\/uploads\/2025\/01\/IMG_4321-595x793.jpg 595w, https:\/\/www.hwarangtkd.fr\/wp-content\/uploads\/2025\/01\/IMG_4321-960x1280.jpg 960w, https:\/\/www.hwarangtkd.fr\/wp-content\/uploads\/2025\/01\/IMG_4321-480x640.jpg 480w, https:\/\/www.hwarangtkd.fr\/wp-content\/uploads\/2025\/01\/IMG_4321-768x1024.jpg 768w, https:\/\/www.hwarangtkd.fr\/wp-content\/uploads\/2025\/01\/IMG_4321-1152x1536.jpg 1152w, https:\/\/www.hwarangtkd.fr\/wp-content\/uploads\/2025\/01\/IMG_4321-1536x2048.jpg 1536w, https:\/\/www.hwarangtkd.fr\/wp-content\/uploads\/2025\/01\/IMG_4321-scaled.jpg 1920w\" sizes=\"auto, (max-width: 444px) 100vw, 444px\" \/><\/p>\n","protected":false},"excerpt":{"rendered":"<p>Pour promouvoir et avoir tous les m\u00eames couleurs lors des comp\u00e9titions en voil\u00e0 une id\u00e9e qu&#8217;elle est bonne! Plut\u00f4t qu&#8217;avoir un sac de sport quelconque, il y a le sac du Hwarang! Le t-shirt du Hwarang TKD Le sweat capuche noir et rouge avec l&#8217;\u00e9cusson du club Le doudoune bleue avec l&#8217;\u00e9cusson du club.<\/p>\n","protected":false},"author":1,"featured_media":0,"parent":0,"menu_order":0,"comment_status":"closed","ping_status":"closed","template":"","meta":{"_exactmetrics_skip_tracking":false,"_exactmetrics_sitenote_active":false,"_exactmetrics_sitenote_note":"","_exactmetrics_sitenote_category":0,"footnotes":""},"class_list":["post-715","page","type-page","status-publish","hentry"],"_links":{"self":[{"href":"https:\/\/www.hwarangtkd.fr\/index.php\/wp-json\/wp\/v2\/pages\/715","targetHints":{"allow":["GET"]}}],"collection":[{"href":"https:\/\/www.hwarangtkd.fr\/index.php\/wp-json\/wp\/v2\/pages"}],"about":[{"href":"https:\/\/www.hwarangtkd.fr\/index.php\/wp-json\/wp\/v2\/types\/page"}],"author":[{"embeddable":true,"href":"https:\/\/www.hwarangtkd.fr\/index.php\/wp-json\/wp\/v2\/users\/1"}],"replies":[{"embeddable":true,"href":"https:\/\/www.hwarangtkd.fr\/index.php\/wp-json\/wp\/v2\/comments?post=715"}],"version-history":[{"count":4,"href":"https:\/\/www.hwarangtkd.fr\/index.php\/wp-json\/wp\/v2\/pages\/715\/revisions"}],"predecessor-version":[{"id":2075,"href":"https:\/\/www.hwarangtkd.fr\/index.php\/wp-json\/wp\/v2\/pages\/715\/revisions\/2075"}],"wp:attachment":[{"href":"https:\/\/www.hwarangtkd.fr\/index.php\/wp-json\/wp\/v2\/media?parent=715"}],"curies":[{"name":"wp","href":"https:\/\/api.w.org\/{rel}","templated":true}]}}