{"id":417,"date":"2017-01-22T22:43:16","date_gmt":"2017-01-22T21:43:16","guid":{"rendered":"http:\/\/www.hwarangtkd.fr\/?page_id=417"},"modified":"2017-01-27T14:16:04","modified_gmt":"2017-01-27T13:16:04","slug":"blocages","status":"publish","type":"page","link":"https:\/\/www.hwarangtkd.fr\/index.php\/blocages\/","title":{"rendered":"Maki : techniques de blocage"},"content":{"rendered":"<p><strong><span style=\"color: #000000;\">Maki Ale:<\/span><\/strong> blocage circulaire ext\u00e9rieur, niveau bas ventre, avec le c\u00f4t\u00e9 externe de l&#8217;avant-bras.<\/p>\n<p>&nbsp;<\/p>\n<p><strong><span style=\"color: #000000;\">Momtong maki:<\/span><\/strong> blocage circulaire int\u00e9rieur niveau moyen, c\u00f4t\u00e9 jambe avant, avec le c\u00f4t\u00e9 externe de l&#8217;avant bras.<\/p>\n<p>&nbsp;<\/p>\n<p><span style=\"color: #000000;\"><strong>Momtong un maki:<\/strong><\/span> blocage circulaire int\u00e9rieur niveau moyen, c\u00f4t\u00e9 jambe arri\u00e8re, avec le c\u00f4t\u00e9 externe de l&#8217;avant bras.<\/p>\n<p>&nbsp;<\/p>\n<p><span style=\"color: #000000;\"><strong>Maki Eulgoul:<\/strong><\/span> blocage ascendant haut niveau, avec le c\u00f4t\u00e9 externe de l&#8217;avant bras.<\/p>\n<p>&nbsp;<\/p>\n<p><span style=\"color: #000000;\"><strong>Han sonnal momtong maki:<\/strong><\/span> blocage vers l&#8217;ext\u00e9rieur avec le tranchant de main, buste \u00e0 45 \u00b0, niveau moyen, l&#8217;autre bras pli\u00e9 \u00e0 la ceinture.<\/p>\n<p>&nbsp;<\/p>\n<p><span style=\"color: #000000;\"><strong>Sonnal momtong maki:<\/strong><\/span> blocage vers l&#8217;ext\u00e9rieur avec le tranchant de main, buste \u00e0 45 \u00b0, L&#8217;autre bras en protection au plexus.<\/p>\n<p>&nbsp;<\/p>\n<p><strong><span style=\"color: #000000;\">Batangson noulo maki:<\/span><\/strong> blocage descendant niveau moyen, bras de blocage semi-fl\u00e9chi dans l&#8217;axe du corps, paume de la main face ouverte au sol au niveau moyen, l&#8217;autre bras pli\u00e9 au niveau ceinture.<\/p>\n<p>&nbsp;<\/p>\n<p><span style=\"color: #000000;\"><strong>Momtong bakkat maki:<\/strong><\/span> blocage vers l&#8217;ext\u00e9rieur, avec le\u00a0tranchant externe de l&#8217;avant bras.<\/p>\n<p>&nbsp;<\/p>\n<p><span style=\"color: #000000;\"><strong>Han sonnal eulgoul bitereu maki:<\/strong><\/span> blocage tranchant de main haut niveau, bras de blocage semi-fl\u00e9chi, ouverte principale, niveau haut Dans l&#8217;axe du corps (l&#8217;\u00e9paule l\u00e9g\u00e8rement avanc\u00e9e), blocage oppos\u00e9 \u00e0 la jambe\u00a0avant. L&#8217;autre bras pli\u00e9 au niveau ceinture.<\/p>\n<p>&nbsp;<\/p>\n<p><strong><span style=\"color: #000000;\">Eulgoul bakkat maki:<\/span><\/strong> blocage ext\u00e9rieur de l&#8217;avant bras haut niveau, bras de blocage pli\u00e9 \u00e0 90 \u00b0, poing, coude, \u00e9paule &#8220;Align\u00e9s&#8221; verticalement. L&#8217;autre bras pli\u00e9 \u00e0 la ceinture.<\/p>\n<p>&nbsp;<\/p>\n<p><span style=\"color: #000000;\"><strong>Ale hetcheu maki:<\/strong><\/span> blocage d\u00e9gagement double, niveau bas ventre.<\/p>\n<p>&nbsp;<\/p>\n<p><span style=\"color: #000000;\"><strong>Batangson Montong maki:<\/strong><\/span> blocage avec la paume de main niveau moyen cot\u00e9 jambe avant, bras de blocage inclin\u00e9 (coude align\u00e9 \u00e0 l&#8217;\u00e9paule), main\u00a0ouverte dans l&#8217;axe du corps. L&#8217;autre bras ram\u00e8ne au niveau ceinture.<\/p>\n<p>&nbsp;<\/p>\n<p><span style=\"color: #000000;\"><strong>Batangson Montong un maki:<\/strong><\/span> blocage avec paume de main niveau moyen cot\u00e9 jambe arri\u00e8re, bras de blocage inclin\u00e9 (coude align\u00e9 \u00e0 l&#8217;\u00e9paule), main ouverte dans l&#8217;axe du corps.L&#8217;autre bras\u00a0Ram\u00e8ne au niveau ceinture.<\/p>\n<p>&nbsp;<\/p>\n<p><span style=\"color: #000000;\"><strong>Kodeuro batangson Montong un maki:<\/strong><\/span> blocage avec paume de main niveau moyen cot\u00e9 jambe arri\u00e8re, bras de blocage inclin\u00e9 (coude align\u00e9 \u00e0 l&#8217;\u00e9paule), main\u00a0ouverte dans l&#8217;axe du bras corps. L&#8217;autre poing ferm\u00e9 sous le coude positionn\u00e9 du bras de blocage.<\/p>\n<p>&nbsp;<\/p>\n<p><span style=\"color: #000000;\"><strong>Sonnal ale maki:<\/strong><\/span> blocage vers l&#8217;ext\u00e9rieur avec le tranchant de main, Buste 45 \u00b0, niveau bas, l&#8217;autre bras en protection au plexus.<\/p>\n<p>&nbsp;<\/p>\n<p><span style=\"color: #000000;\"><strong>Kawi maki:<\/strong><\/span> blocage double simultan\u00e9 en ciseaux, un bras pli\u00e9 \u00e0 45 \u00b0 le poing ferm\u00e9 (paume visage poitrine), niveau \u00e9paule, avant bras dans l&#8217;axe du corps (Montong maki). L&#8217;autre bras de blocage \u00e0 peine fl\u00e9chi, poing ferm\u00e9 dans l&#8217;axe du genou de la jambe avant.<\/p>\n<p>&nbsp;<\/p>\n<p><span style=\"color: #000000;\"><strong>Momtong hetcheu maki:<\/strong><\/span> blocage \u00e0 double de d\u00e9gagement, niveau moyen, tranchant externe des vers avant-bras l&#8217;ext\u00e9rieur.<\/p>\n<p>&nbsp;<\/p>\n<p><span style=\"color: #000000;\"><strong>Eut keuleu maki:<\/strong><\/span> blocage bas niveau avec appui en renfort, descendant blocage simultan\u00e9 de deux poing. Les bras\u00a0tendus, poings ferm\u00e9s \u00e0 la verticale (vers tranchant sol). Bras de blocage en dessous, cot\u00e9 avant jambe.<\/p>\n<p>&nbsp;<\/p>\n<p><span style=\"color: #000000;\"><strong>Owe Santeul maki:<\/strong><\/span> blocage doubles \u00e0 deux niveaux, bras\u00a0arri\u00e8re pli\u00e9 \u00e0 90 \u00b0, poing ferm\u00e9 (face \u00e0 la paume nuque), niveau t\u00eate. Bras avant tendu vers le bas, poing ferm\u00e9 (paume vers le sol), jambe arri\u00e8re pli\u00e9e, jambe avant tendue (Ap koubi).<\/p>\n<p>&nbsp;<\/p>\n<p><strong><span style=\"color: #000000;\">Keudeuro Montong bakkat maki:<\/span><\/strong> blocage Moyen partie externe de l&#8217;avant bras vers l&#8217;ext\u00e9rieur, l&#8217;Autre bras Ram\u00e8ne \u00e0 la poitrine.<\/p>\n<p>&nbsp;<\/p>\n<p><span style=\"color: #000000;\"><strong>Keudeuro ale bakkat maki:<\/strong><\/span> blocage bas partie externe de l&#8217;avant bras vers l&#8217;ext\u00e9rieur, l&#8217;autre bras ram\u00e8ne \u00e0 la poitrine.<\/p>\n<p>&nbsp;<\/p>\n","protected":false},"excerpt":{"rendered":"<p>Maki Ale: blocage circulaire ext\u00e9rieur, niveau bas ventre, avec le c\u00f4t\u00e9 externe de l&#8217;avant-bras. &nbsp; Momtong maki: blocage circulaire int\u00e9rieur niveau moyen, c\u00f4t\u00e9 jambe avant, avec le c\u00f4t\u00e9 externe de l&#8217;avant bras. &nbsp; Momtong un maki: blocage circulaire int\u00e9rieur niveau moyen, c\u00f4t\u00e9 jambe arri\u00e8re, avec le c\u00f4t\u00e9 externe de l&#8217;avant bras. &nbsp; Maki Eulgoul: blocage [&hellip;]<\/p>\n","protected":false},"author":1,"featured_media":0,"parent":0,"menu_order":0,"comment_status":"closed","ping_status":"closed","template":"","meta":{"_exactmetrics_skip_tracking":false,"_exactmetrics_sitenote_active":false,"_exactmetrics_sitenote_note":"","_exactmetrics_sitenote_category":0,"footnotes":""},"class_list":["post-417","page","type-page","status-publish","hentry"],"_links":{"self":[{"href":"https:\/\/www.hwarangtkd.fr\/index.php\/wp-json\/wp\/v2\/pages\/417","targetHints":{"allow":["GET"]}}],"collection":[{"href":"https:\/\/www.hwarangtkd.fr\/index.php\/wp-json\/wp\/v2\/pages"}],"about":[{"href":"https:\/\/www.hwarangtkd.fr\/index.php\/wp-json\/wp\/v2\/types\/page"}],"author":[{"embeddable":true,"href":"https:\/\/www.hwarangtkd.fr\/index.php\/wp-json\/wp\/v2\/users\/1"}],"replies":[{"embeddable":true,"href":"https:\/\/www.hwarangtkd.fr\/index.php\/wp-json\/wp\/v2\/comments?post=417"}],"version-history":[{"count":0,"href":"https:\/\/www.hwarangtkd.fr\/index.php\/wp-json\/wp\/v2\/pages\/417\/revisions"}],"wp:attachment":[{"href":"https:\/\/www.hwarangtkd.fr\/index.php\/wp-json\/wp\/v2\/media?parent=417"}],"curies":[{"name":"wp","href":"https:\/\/api.w.org\/{rel}","templated":true}]}}