{"id":414,"date":"2017-01-22T22:43:02","date_gmt":"2017-01-22T21:43:02","guid":{"rendered":"http:\/\/www.hwarangtkd.fr\/?page_id=414"},"modified":"2017-01-24T13:51:38","modified_gmt":"2017-01-24T12:51:38","slug":"attaques","status":"publish","type":"page","link":"https:\/\/www.hwarangtkd.fr\/index.php\/attaques\/","title":{"rendered":"Tchigui, Jileugui ou Tchireugui : techniques d&#8217;attaques"},"content":{"rendered":"<p>Momtong jileugui : coup de poing niveau moyen.<\/p>\n<p>Eulgoul jileugui : coup de poing niveau haut.<\/p>\n<p>Momtong yop jileugui : coup de poing de profil, niveau moyen.<\/p>\n<p>Han sonnal momtong bakkat tchigui : frappe du tranchant de main niveau moyen, vers l&#8217;ext\u00e9rieur.<\/p>\n<p>Han sonnal mok tchigui : frappe du tranchant de main niveau cou, vers l&#8217;int\u00e9rieur c\u00f4t\u00e9 jambe avant.<\/p>\n<p>Palkoup momtong dolyeu tchigui : frappe circulaire du coude, vers l&#8217;int\u00e9rieur, niveau moyen.<\/p>\n<p>Me joumok nelyeu tchigui : frappe du poing en marteau, descendante.<\/p>\n<p>Deung jumok ap tchigui : coup de poing en revers de face.<\/p>\n<p>Pyon sonn keut sewo tchireugui : pique de doigts, main perpendiculaire au sol.<\/p>\n","protected":false},"excerpt":{"rendered":"<p>Momtong jileugui : coup de poing niveau moyen. Eulgoul jileugui : coup de poing niveau haut. Momtong yop jileugui : coup de poing de profil, niveau moyen. Han sonnal momtong bakkat tchigui : frappe du tranchant de main niveau moyen, vers l&#8217;ext\u00e9rieur. Han sonnal mok tchigui : frappe du tranchant de main niveau cou, vers [&hellip;]<\/p>\n","protected":false},"author":1,"featured_media":0,"parent":0,"menu_order":0,"comment_status":"closed","ping_status":"closed","template":"","meta":{"_exactmetrics_skip_tracking":false,"_exactmetrics_sitenote_active":false,"_exactmetrics_sitenote_note":"","_exactmetrics_sitenote_category":0,"footnotes":""},"class_list":["post-414","page","type-page","status-publish","hentry"],"_links":{"self":[{"href":"https:\/\/www.hwarangtkd.fr\/index.php\/wp-json\/wp\/v2\/pages\/414","targetHints":{"allow":["GET"]}}],"collection":[{"href":"https:\/\/www.hwarangtkd.fr\/index.php\/wp-json\/wp\/v2\/pages"}],"about":[{"href":"https:\/\/www.hwarangtkd.fr\/index.php\/wp-json\/wp\/v2\/types\/page"}],"author":[{"embeddable":true,"href":"https:\/\/www.hwarangtkd.fr\/index.php\/wp-json\/wp\/v2\/users\/1"}],"replies":[{"embeddable":true,"href":"https:\/\/www.hwarangtkd.fr\/index.php\/wp-json\/wp\/v2\/comments?post=414"}],"version-history":[{"count":0,"href":"https:\/\/www.hwarangtkd.fr\/index.php\/wp-json\/wp\/v2\/pages\/414\/revisions"}],"wp:attachment":[{"href":"https:\/\/www.hwarangtkd.fr\/index.php\/wp-json\/wp\/v2\/media?parent=414"}],"curies":[{"name":"wp","href":"https:\/\/api.w.org\/{rel}","templated":true}]}}