{"id":402,"date":"2017-01-22T22:41:36","date_gmt":"2017-01-22T21:41:36","guid":{"rendered":"http:\/\/www.hwarangtkd.fr\/?page_id=402"},"modified":"2017-05-01T14:13:29","modified_gmt":"2017-05-01T12:13:29","slug":"kiokpa","status":"publish","type":"page","link":"https:\/\/www.hwarangtkd.fr\/index.php\/kiokpa\/","title":{"rendered":"Kiokpa : Casse"},"content":{"rendered":"<p>La casse (Kiokpa) est une tradition du Taekwondo, elle permet d&#8217;\u00e9valuer le niveau de ma\u00eetrise d&#8217;un geste technique. On retrouve la casse le plus souvent lors des d\u00e9monstrations, mais \u00e9galement \u00e0 un certain niveau dans l&#8217;\u00e9valuation des passages de grade. Les planches, les tuiles, les briques, les parpaings sont les mat\u00e9riaux utilis\u00e9s pour la casse.<\/p>\n<p style=\"text-align: center;\"><img loading=\"lazy\" decoding=\"async\" class=\"size-medium wp-image-499 alignleft\" src=\"http:\/\/www.hwarangtkd.fr\/wp-content\/uploads\/2017\/01\/IMG_8879-264x300.jpg\" alt=\"\" width=\"264\" height=\"300\" srcset=\"https:\/\/www.hwarangtkd.fr\/wp-content\/uploads\/2017\/01\/IMG_8879-264x300.jpg 264w, https:\/\/www.hwarangtkd.fr\/wp-content\/uploads\/2017\/01\/IMG_8879-768x872.jpg 768w, https:\/\/www.hwarangtkd.fr\/wp-content\/uploads\/2017\/01\/IMG_8879-902x1024.jpg 902w, https:\/\/www.hwarangtkd.fr\/wp-content\/uploads\/2017\/01\/IMG_8879-370x420.jpg 370w, https:\/\/www.hwarangtkd.fr\/wp-content\/uploads\/2017\/01\/IMG_8879-1040x1181.jpg 1040w, https:\/\/www.hwarangtkd.fr\/wp-content\/uploads\/2017\/01\/IMG_8879.jpg 1776w\" sizes=\"auto, (max-width: 264px) 100vw, 264px\" \/><\/p>\n","protected":false},"excerpt":{"rendered":"<p>La casse (Kiokpa) est une tradition du Taekwondo, elle permet d&#8217;\u00e9valuer le niveau de ma\u00eetrise d&#8217;un geste technique. On retrouve la casse le plus souvent lors des d\u00e9monstrations, mais \u00e9galement \u00e0 un certain niveau dans l&#8217;\u00e9valuation des passages de grade. Les planches, les tuiles, les briques, les parpaings sont les mat\u00e9riaux utilis\u00e9s pour la casse.<\/p>\n","protected":false},"author":1,"featured_media":0,"parent":0,"menu_order":0,"comment_status":"closed","ping_status":"closed","template":"","meta":{"_exactmetrics_skip_tracking":false,"_exactmetrics_sitenote_active":false,"_exactmetrics_sitenote_note":"","_exactmetrics_sitenote_category":0,"footnotes":""},"class_list":["post-402","page","type-page","status-publish","hentry"],"_links":{"self":[{"href":"https:\/\/www.hwarangtkd.fr\/index.php\/wp-json\/wp\/v2\/pages\/402","targetHints":{"allow":["GET"]}}],"collection":[{"href":"https:\/\/www.hwarangtkd.fr\/index.php\/wp-json\/wp\/v2\/pages"}],"about":[{"href":"https:\/\/www.hwarangtkd.fr\/index.php\/wp-json\/wp\/v2\/types\/page"}],"author":[{"embeddable":true,"href":"https:\/\/www.hwarangtkd.fr\/index.php\/wp-json\/wp\/v2\/users\/1"}],"replies":[{"embeddable":true,"href":"https:\/\/www.hwarangtkd.fr\/index.php\/wp-json\/wp\/v2\/comments?post=402"}],"version-history":[{"count":0,"href":"https:\/\/www.hwarangtkd.fr\/index.php\/wp-json\/wp\/v2\/pages\/402\/revisions"}],"wp:attachment":[{"href":"https:\/\/www.hwarangtkd.fr\/index.php\/wp-json\/wp\/v2\/media?parent=402"}],"curies":[{"name":"wp","href":"https:\/\/api.w.org\/{rel}","templated":true}]}}