{"id":399,"date":"2017-01-22T22:41:13","date_gmt":"2017-01-22T21:41:13","guid":{"rendered":"http:\/\/www.hwarangtkd.fr\/?page_id=399"},"modified":"2017-05-01T14:12:59","modified_gmt":"2017-05-01T12:12:59","slug":"ho-shin-sul","status":"publish","type":"page","link":"https:\/\/www.hwarangtkd.fr\/index.php\/ho-shin-sul\/","title":{"rendered":"Ho Shin Sul : Self d\u00e9fense"},"content":{"rendered":"<p>Le Ho Shin Sul est la partie self-d\u00e9fense sur saisies du Taekwondo. Que cela soit sur des saisies (\u00e0 une main ou \u00e0 deux mains) au col, \u00e0 l&#8217;\u00e9paule, au poignet, \u00e0 la manche etc. Il existe une multitude de mani\u00e8res de ma\u00eetriser un agresseur en r\u00e9alisant des percussions (pied, coude, poing etc.), ainsi que des cl\u00e9s et des projections tr\u00e8s efficaces en jouant sur les diff\u00e9rentes articulations de son adversaire (doigts, poignets, coude, \u00e9paule, etc.).<\/p>\n<p style=\"text-align: center;\"><img loading=\"lazy\" decoding=\"async\" class=\"size-full wp-image-496 alignleft\" src=\"http:\/\/www.hwarangtkd.fr\/wp-content\/uploads\/2017\/01\/hoshin-sul.jpg\" alt=\"\" width=\"275\" height=\"183\" \/><\/p>\n","protected":false},"excerpt":{"rendered":"<p>Le Ho Shin Sul est la partie self-d\u00e9fense sur saisies du Taekwondo. Que cela soit sur des saisies (\u00e0 une main ou \u00e0 deux mains) au col, \u00e0 l&#8217;\u00e9paule, au poignet, \u00e0 la manche etc. Il existe une multitude de mani\u00e8res de ma\u00eetriser un agresseur en r\u00e9alisant des percussions (pied, coude, poing etc.), ainsi que [&hellip;]<\/p>\n","protected":false},"author":1,"featured_media":0,"parent":0,"menu_order":0,"comment_status":"closed","ping_status":"closed","template":"","meta":{"_exactmetrics_skip_tracking":false,"_exactmetrics_sitenote_active":false,"_exactmetrics_sitenote_note":"","_exactmetrics_sitenote_category":0,"footnotes":""},"class_list":["post-399","page","type-page","status-publish","hentry"],"_links":{"self":[{"href":"https:\/\/www.hwarangtkd.fr\/index.php\/wp-json\/wp\/v2\/pages\/399","targetHints":{"allow":["GET"]}}],"collection":[{"href":"https:\/\/www.hwarangtkd.fr\/index.php\/wp-json\/wp\/v2\/pages"}],"about":[{"href":"https:\/\/www.hwarangtkd.fr\/index.php\/wp-json\/wp\/v2\/types\/page"}],"author":[{"embeddable":true,"href":"https:\/\/www.hwarangtkd.fr\/index.php\/wp-json\/wp\/v2\/users\/1"}],"replies":[{"embeddable":true,"href":"https:\/\/www.hwarangtkd.fr\/index.php\/wp-json\/wp\/v2\/comments?post=399"}],"version-history":[{"count":0,"href":"https:\/\/www.hwarangtkd.fr\/index.php\/wp-json\/wp\/v2\/pages\/399\/revisions"}],"wp:attachment":[{"href":"https:\/\/www.hwarangtkd.fr\/index.php\/wp-json\/wp\/v2\/media?parent=399"}],"curies":[{"name":"wp","href":"https:\/\/api.w.org\/{rel}","templated":true}]}}