{"id":393,"date":"2017-01-22T22:40:37","date_gmt":"2017-01-22T21:40:37","guid":{"rendered":"http:\/\/www.hwarangtkd.fr\/?page_id=393"},"modified":"2025-10-03T15:20:11","modified_gmt":"2025-10-03T13:20:11","slug":"kyorugi","status":"publish","type":"page","link":"https:\/\/www.hwarangtkd.fr\/index.php\/kyorugi\/","title":{"rendered":"Kyorugi : Combat"},"content":{"rendered":"<p>Pour les n\u00e9ophytes, le Taekwondo c&#8217;est d&#8217;abord et avant tout les pieds ! Ceci est certainement d\u00fb au fait que seules les comp\u00e9titions de combats (Kyorugi) sont retransmises \u00e0 la t\u00e9l\u00e9vision. En effet, lors d&#8217;un combat, les frappes s&#8217;ex\u00e9cutent essentiellement avec les pieds.<br \/>\nDe plus, les techniques de jambes les plus utilis\u00e9es sont loin d&#8217;\u00eatre repr\u00e9sentatives de la richesse et de la diversit\u00e9 des techniques de coups de pieds qu&#8217;offre le Taekwondo.<br \/>\nPar ailleurs, comme chaque pays a tendance \u00e0 montrer ses propres comp\u00e9titeurs, le t\u00e9l\u00e9spectateur n&#8217;a en r\u00e8gle g\u00e9n\u00e9rale pas acc\u00e8s \u00e0 la diffusion des combats ni les plus int\u00e9ressants, ni les plus spectaculaires.On l&#8217;aura compris, le Taekwondo ne se limite pas qu&#8217;aux pieds ! En effet, et cela transpara\u00eet sans doute moins \u00e0 l&#8217;image, le taekwondo\u00efste bloque les coups de pied de son adversaire avec les bras pour se prot\u00e9ger et emp\u00eacher ce dernier de marquer des points.<\/p>\n<p>Deux types de comp\u00e9tition combat : sans touches et avec touches (syst\u00e8me KO).<\/p>\n<p><strong>1) Combats sans touches (ou assaut).<\/strong><\/p>\n<p>Les cat\u00e9gories d&#8217;\u00e2ge concern\u00e9es sont :<br \/>\n&#8211; Babies : 3 \u00e0 5 ans<br \/>\n&#8211; Pupilles : 6\/7 ans<br \/>\n&#8211; Benjamins : 8\/9 ans<br \/>\n&#8211; Minimes : 10\/11 ans<\/p>\n<p>Le combat se d\u00e9roule en 3 rounds de 30 secondes, avec 15 secondes de repos entre chaque.<br \/>\nChaque combattant effectue \u00e0 son tour 2 coups de pied, sans toucher son adversaire.<\/p>\n<p>A la fin de chaque round, chaque juge d\u00e9signe (\u00e0 l&#8217;aide d&#8217;un drapeau de couleur) le combattant ayant selon lui gagn\u00e9 le round.<\/p>\n<p style=\"text-align: left;\">Les crit\u00e8res de jugement\u00a0:<br \/>\n&#8211; la qualit\u00e9 technique, la vari\u00e9t\u00e9 et et la difficult\u00e9 des coups de pieds ex\u00e9cut\u00e9s<br \/>\n&#8211; la qualit\u00e9 des d\u00e9placements et la vitesse de r\u00e9action<br \/>\n&#8211; la p\u00e9nalisation des sorties<br \/>\n&#8211; la p\u00e9nalisation des chutes et des temps morts<br \/>\n&#8211; la p\u00e9nalisation des distances longues et des touches<br \/>\nA ceci s&#8217;ajoute un crit\u00e8re officieux :<br \/>\n&#8211; l&#8217;intensit\u00e9 des kihaps, qui en g\u00e9n\u00e9ral refl\u00e8te la motivation du combattant<\/p>\n<p>Except\u00e9s les cas tr\u00e8s rares, mais pouvant toujours arriver, d&#8217;abandon, le vainqueur est le combattant ayant remport\u00e9 le plus de votes des juges.<\/p>\n<p><strong>2) Combats avec touches (syst\u00e8me KO).<\/strong><\/p>\n<p>Les cat\u00e9gories concern\u00e9es sont :<br \/>\n&#8211; Benjamins : 8\/9 ans<br \/>\n&#8211; Minimes : 10\/11 ans<br \/>\n&#8211; Cadets : 12 \u00e0 14 ans<br \/>\n&#8211; Juniors : 15 \u00e0 17 ans<br \/>\n&#8211; Seniors : 18 ans et plus<br \/>\n&#8211; Masters : 30 ans et plus<\/p>\n<p>L&#8217;aire de combat est un hexagonale de 8 m\u00e8tres de c\u00f4t\u00e9.<br \/>\nLes combats se d\u00e9roulent en 3 rounds d&#8217;une dur\u00e9e de 1 \u00e0 2 minutes selon les \u00e2ges, avec 30 secondes \u00e0 1 minute de repos entre chaque.<br \/>\nLes combattants sont class\u00e9s par cat\u00e9gories de poids. Nous n&#8217;allons pas les lister ici, elles varient pour chaque tranche d&#8217;\u00e2ge et sexe, mais d&#8217;une fa\u00e7on g\u00e9n\u00e9rale l&#8217;\u00e9cart entre chaque cat\u00e9gorie est de 3 \u00e0 6 kg.<\/p>\n<p>Les coups de pied et de poing sont autoris\u00e9s au plastron \u00e0 tous les \u00e2ges, et les coups de pied sont autoris\u00e9s \u00e0 la t\u00eate \u00e0 partir de 12ans (Cadets).<br \/>\nLes coups sont les seuls actions autoris\u00e9es. Les autres actions, comme les saisies, projections, etc. sont interdites.<br \/>\nPar ailleurs, il est bien \u00e9videmment interdit de frapper un adversaire au sol, de sortir de l&#8217;aire de combat, et obligatoire de suivre les consignes de l&#8217;arbitre.<\/p>\n<p>Les coups de poings ne doivent pas avoir de trajectoire remontante (uppercut), les coups de pied doivent, comme leur nom l&#8217;indique, \u00eatre ex\u00e9cut\u00e9s avec le pied (dessus du pied, talon, bol, &#8230;), donc les frappes du tibia ne sont pas valides.<\/p>\n<p>Le coup est valid\u00e9 si la puissance est suffisante.<br \/>\n<em>&#8211;<\/em>un coup de poing au plastron rapporte 1 point.<br \/>\n-un coup de pied au plastron rapporte 2 point, ou 4 points s&#8217;il s&#8217;agit d&#8217;un coup de pied retourn\u00e9.<br \/>\n-un coup de pied \u00e0 la t\u00eate rapporte 3 points<br \/>\n-un coup de pied retourn\u00e9 \u00e0 la t\u00eate rapporte 5 points<br \/>\nPour qu&#8217;un coup soit valide, le combattant qui frappe ne doit pas avoir commis de faute avant de frapper (exemple : une saisie), ou apr\u00e8s (exemple : chuter).<\/p>\n<p>Les sanctions sont les Kamjeon (ou sanction) : p\u00e9nalit\u00e9 d&#8217;1 point attribu\u00e9e pour des fautes que l&#8217;on peut pour g\u00e9n\u00e9raliser juger de fautes : coup de poing au visage sans gravit\u00e9 ou attaque apr\u00e8s l&#8217;interruption de l&#8217;arbitre, par exemple<\/p>\n<p>Si un combattant cumule dans un m\u00eame match 10 points de p\u00e9nalit\u00e9, il est \u00e9limin\u00e9 et son adversaire est d\u00e9clar\u00e9 vainqueur. Il faut \u00e9galement savoir que des infractions graves au r\u00e8glement peuvent conduire l&#8217;arbitre \u00e0 disqualifier directement un combattant. C&#8217;est par exemple, la sanction \u00e0 appliquer pour un coup de t\u00eate volontaire.<\/p>\n<p>Hormis le cas de la disqualification vu ci-dessus, ou encore l&#8217;abandon, le vainqueur est :<br \/>\n-soit le combattant qui a le plus de points \u00e0 la fin du match<br \/>\n-soit le combattant mettant KO son adversaire<br \/>\n-soit 20 points d&#8217;\u00e9cart \u00e0 la fin du 2\u00e8me round<\/p>\n<p>En cas d&#8217;\u00e9galit\u00e9 entre les 2 combattants \u00e0 la fin des 3 rounds, a lieu un 4<sup>e<\/sup>\u00a0round au point en or : le premier qui marque gagne, ou \u00e9ventuellement le premier \u00e0 atteindre 2 points de p\u00e9nalit\u00e9 perd.<br \/>\nSi \u00e0 la suite de ce 4<sup>e<\/sup>\u00a0round les combattants ne se sont toujours pas d\u00e9partag\u00e9s, ce sont les juges qui d\u00e9signeront le vainqueur.<\/p>\n<p>Le Kyorugi est donc une forme de combat libre, r\u00e9glement\u00e9 par un certains nombres de r\u00e8gles. Comme les coups peuvent \u00eatre port\u00e9s \u00e0 pleine puissance, les comp\u00e9titeurs doivent \u00eatre tr\u00e8s prot\u00e9g\u00e9s (prot\u00e8ges avant-bras, tibias, plastron, casque, coquille et prot\u00e8ge-dents). Les coups de poings au visage, les coups en dessous de la ceinture et les balayages sont interdits.<\/p>\n<div class=\"wp-menu-arrow\"><\/div>\n<p><img loading=\"lazy\" decoding=\"async\" class=\"alignnone size-medium wp-image-1201\" src=\"http:\/\/www.hwarangtkd.fr\/wp-content\/uploads\/2019\/01\/France-combat-2-595x396.jpg\" alt=\"\" width=\"595\" height=\"396\" srcset=\"https:\/\/www.hwarangtkd.fr\/wp-content\/uploads\/2019\/01\/France-combat-2-595x396.jpg 595w, https:\/\/www.hwarangtkd.fr\/wp-content\/uploads\/2019\/01\/France-combat-2-768x511.jpg 768w, https:\/\/www.hwarangtkd.fr\/wp-content\/uploads\/2019\/01\/France-combat-2.jpg 960w\" sizes=\"auto, (max-width: 595px) 100vw, 595px\" \/><\/p>\n<p>Wesley lors de son titre de vice champion de France<\/p>\n","protected":false},"excerpt":{"rendered":"<p>Pour les n\u00e9ophytes, le Taekwondo c&#8217;est d&#8217;abord et avant tout les pieds ! Ceci est certainement d\u00fb au fait que seules les comp\u00e9titions de combats (Kyorugi) sont retransmises \u00e0 la t\u00e9l\u00e9vision. En effet, lors d&#8217;un combat, les frappes s&#8217;ex\u00e9cutent essentiellement avec les pieds. De plus, les techniques de jambes les plus utilis\u00e9es sont loin d&#8217;\u00eatre [&hellip;]<\/p>\n","protected":false},"author":1,"featured_media":0,"parent":0,"menu_order":0,"comment_status":"closed","ping_status":"closed","template":"","meta":{"_exactmetrics_skip_tracking":false,"_exactmetrics_sitenote_active":false,"_exactmetrics_sitenote_note":"","_exactmetrics_sitenote_category":0,"footnotes":""},"class_list":["post-393","page","type-page","status-publish","hentry"],"_links":{"self":[{"href":"https:\/\/www.hwarangtkd.fr\/index.php\/wp-json\/wp\/v2\/pages\/393","targetHints":{"allow":["GET"]}}],"collection":[{"href":"https:\/\/www.hwarangtkd.fr\/index.php\/wp-json\/wp\/v2\/pages"}],"about":[{"href":"https:\/\/www.hwarangtkd.fr\/index.php\/wp-json\/wp\/v2\/types\/page"}],"author":[{"embeddable":true,"href":"https:\/\/www.hwarangtkd.fr\/index.php\/wp-json\/wp\/v2\/users\/1"}],"replies":[{"embeddable":true,"href":"https:\/\/www.hwarangtkd.fr\/index.php\/wp-json\/wp\/v2\/comments?post=393"}],"version-history":[{"count":3,"href":"https:\/\/www.hwarangtkd.fr\/index.php\/wp-json\/wp\/v2\/pages\/393\/revisions"}],"predecessor-version":[{"id":2298,"href":"https:\/\/www.hwarangtkd.fr\/index.php\/wp-json\/wp\/v2\/pages\/393\/revisions\/2298"}],"wp:attachment":[{"href":"https:\/\/www.hwarangtkd.fr\/index.php\/wp-json\/wp\/v2\/media?parent=393"}],"curies":[{"name":"wp","href":"https:\/\/api.w.org\/{rel}","templated":true}]}}