{"id":384,"date":"2017-01-22T22:39:30","date_gmt":"2017-01-22T21:39:30","guid":{"rendered":"http:\/\/www.hwarangtkd.fr\/?page_id=384"},"modified":"2018-10-10T13:30:16","modified_gmt":"2018-10-10T11:30:16","slug":"tae-kwon-do-enfants","status":"publish","type":"page","link":"https:\/\/www.hwarangtkd.fr\/index.php\/tae-kwon-do-enfants\/","title":{"rendered":"Enfants TaeKwonDo"},"content":{"rendered":"<p>Le Taekwondo contribue au\u00a0<strong>d\u00e9veloppement physique de l\u2019enfant :\u00a0<\/strong>am\u00e9lioration de l\u2019\u00e9quilibre, de la vitesse, de la souplesse, de la coordination\u2026<\/p>\n<p>Il contribue aussi \u00e0 son\u00a0<strong>\u00e9quilibre psychologique,<\/strong>\u00a0en am\u00e9liorant la confiance en soi des plus timides et en canalisant les plus turbulents (r\u00e9gulation de l\u2019agressivit\u00e9). Il permet \u00e9galement d\u2019am\u00e9liorer la\u00a0<strong>capacit\u00e9 de concentration.<\/strong><\/p>\n<p>Il\u00a0<strong>favorise la socialisation,<\/strong>\u00a0\u00e0 l\u2019aide du travail \u00e0 deux ou \u00e0 plusieurs, en amenant les notions de respect, d\u2019entraide, de solidarit\u00e9 et de coop\u00e9ration.<\/p>\n<p>Il est enfin une\u00a0<strong>discipline \u00e9ducative,<\/strong>\u00a0c\u2019est \u00e0 dire un art martial v\u00e9hiculant un certain nombre de valeurs comme le respect (des partenaires, de l\u2019enseignant, du lieu de pratique, des r\u00e8gles\u2026) le courage, l\u2019assurance, la pers\u00e9v\u00e9rance\u2026 De ce fait, ces apports pour l\u2019enfant sont ind\u00e9niables.<\/p>\n<p><em>&#8220;L\u2019enfant n\u2019est pas un adulte en miniature et sa mentalit\u00e9 n\u2019est pas seulement quantitativement mais aussi qualitativement diff\u00e9rents de celle de l\u2019adulte, si bien que l\u2019enfant n\u2019est pas seulement plus petit, il est aussi diff\u00e9rent.&#8221; Clapar\u00e8de<\/em><\/p>\n<p style=\"text-align: center;\"><img loading=\"lazy\" decoding=\"async\" class=\"size-medium wp-image-482 alignleft\" src=\"http:\/\/www.hwarangtkd.fr\/wp-content\/uploads\/2017\/01\/petit-300x233.jpg\" alt=\"\" width=\"300\" height=\"233\" srcset=\"https:\/\/www.hwarangtkd.fr\/wp-content\/uploads\/2017\/01\/petit-300x233.jpg 300w, https:\/\/www.hwarangtkd.fr\/wp-content\/uploads\/2017\/01\/petit.jpg 361w\" sizes=\"auto, (max-width: 300px) 100vw, 300px\" \/><\/p>\n<p style=\"text-align: left;\">\n<p style=\"text-align: left;\">\n<p style=\"text-align: left;\">\n<p style=\"text-align: left;\">\n<p style=\"text-align: left;\">\n<p style=\"text-align: left;\">\n<p style=\"text-align: left;\">\n<p style=\"text-align: left;\"><span style=\"color: #000000;\"><strong>REGLEMENT DU TAEKWONDO ENFANT<\/strong><\/span><\/p>\n<p style=\"text-align: left;\">1) Par mesure de s\u00e9curit\u00e9, les enfants n&#8217;ont pas acc\u00e8s \u00e0 la salle avant l&#8217;heure du cours. Seuls l&#8217;\u00e9ducateur, les dirigeants et les \u00e9l\u00e8ves ont acc\u00e8s \u00e0 la salle. Les parents et accompagnateurs ne sont pas admis dans la salle durant les cours.<\/p>\n<p style=\"text-align: left;\">2) La section &#8220;Taekwondo Enfant&#8221; n&#8217;est pas une garderie, les parents doivent accompagner leur(s) enfant(s) jusqu&#8217;au d\u00e9but du cours et les emmener aupr\u00e8s de l&#8217;\u00e9ducateur.<\/p>\n<p style=\"text-align: left;\">3) La porte de la salle est ferm\u00e9e durant le cours. Afin de ne pas d\u00e9ranger le bon d\u00e9roulement de ce dernier, les parents se doivent d&#8217;\u00eatre ponctuels.<\/p>\n<p style=\"text-align: left;\">4) Pour l&#8217;enfant, sa pr\u00e9sence aux cours est un \u00e9l\u00e9ment essentiel de sa pratique, de sa progression et de l&#8217;\u00e9valuation de cette derni\u00e8re. Les parents se doivent de pr\u00e9venir l&#8217;enseignant des \u00e9ventuelles absences.<\/p>\n<p style=\"text-align: left;\">5) L&#8217;apprentissage du Taekwondo est guid\u00e9 par des principes de patience, de pers\u00e9v\u00e9rance, de politesse, de loyaut\u00e9, d&#8217;acquisition des valeurs et vise \u00e0 encourager l&#8217;harmonie avec les autres. Les ceintures ont une signification. Elles ne peuvent et ne doivent donc, en aucun cas, \u00eatre distribu\u00e9es aux enfants comme des cadeaux ou pour la seule satisfaction des parents. L&#8217;attribution de ces derni\u00e8res est \u00e0 la seule estimation de l&#8217;\u00e9ducateur.<\/p>\n<p style=\"text-align: left;\">6) L&#8217;enseignant et les dirigeants du club veillent au respect des r\u00e8gles \u00e9dict\u00e9es ci-dessus. En cas de manquement ou de comportements contraires \u00e0 ces r\u00e8gles de la part des parents, ceux-ci s&#8217;exposent \u00e0 l&#8217;exclusion de leur(s) enfant(s), du cours, voir du club si cela devait se reproduire.<\/p>\n<p style=\"text-align: left;\">7) Par respect pour notre discipline, les Dobok doivent toujours \u00eatre propres et correctement pli\u00e9s. Le port de T-shirt \u00e0 manches courtes est tol\u00e9r\u00e9 pour les gar\u00e7ons et obligatoire pour les filles. Les manches longues, cols roul\u00e9s, capuches et sous-pulls sont strictement interdits.<\/p>\n<p style=\"text-align: left;\">8) Les ongles de mains et de pieds doivent \u00eatre coup\u00e9s et les cheveux longs attach\u00e9s.<\/p>\n<p style=\"text-align: left;\">9) Pour des raisons d&#8217;hygi\u00e8ne, chaque enfant doit poss\u00e9der sa propre bouteille. Pour cela, Les parents doivent obligatoirement munir leur(s) enfant(s) d&#8217;une bouteille d&#8217;eau marqu\u00e9e \u00e0 son pr\u00e9nom.<\/p>\n<p style=\"text-align: left;\">10 ) La prise de licence garantie le fonctionnement des assurances en cas d&#8217;incident. Le paiement doit donc \u00eatre effectu\u00e9 dans le mois suivant l&#8217;inscription de l&#8217;enfant. L&#8217;enseignant et les dirigeants sont en droit de refuser l&#8217;acc\u00e8s \u00e0 la salle \u00e0 tout enfant ne poss\u00e9dant pas de licence pour la saison en cours.<\/p>\n<p style=\"text-align: left;\">11) Tout paiement est d\u00e9finitif.<\/p>\n<p style=\"text-align: left;\">12) Toute inscription garantie que les parents ont pris connaissance de ce r\u00e8glement et en acceptent les termes.<\/p>\n","protected":false},"excerpt":{"rendered":"<p>Le Taekwondo contribue au\u00a0d\u00e9veloppement physique de l\u2019enfant :\u00a0am\u00e9lioration de l\u2019\u00e9quilibre, de la vitesse, de la souplesse, de la coordination\u2026 Il contribue aussi \u00e0 son\u00a0\u00e9quilibre psychologique,\u00a0en am\u00e9liorant la confiance en soi des plus timides et en canalisant les plus turbulents (r\u00e9gulation de l\u2019agressivit\u00e9). Il permet \u00e9galement d\u2019am\u00e9liorer la\u00a0capacit\u00e9 de concentration. Il\u00a0favorise la socialisation,\u00a0\u00e0 l\u2019aide du travail [&hellip;]<\/p>\n","protected":false},"author":1,"featured_media":0,"parent":0,"menu_order":0,"comment_status":"closed","ping_status":"closed","template":"","meta":{"_exactmetrics_skip_tracking":false,"_exactmetrics_sitenote_active":false,"_exactmetrics_sitenote_note":"","_exactmetrics_sitenote_category":0,"footnotes":""},"class_list":["post-384","page","type-page","status-publish","hentry"],"_links":{"self":[{"href":"https:\/\/www.hwarangtkd.fr\/index.php\/wp-json\/wp\/v2\/pages\/384","targetHints":{"allow":["GET"]}}],"collection":[{"href":"https:\/\/www.hwarangtkd.fr\/index.php\/wp-json\/wp\/v2\/pages"}],"about":[{"href":"https:\/\/www.hwarangtkd.fr\/index.php\/wp-json\/wp\/v2\/types\/page"}],"author":[{"embeddable":true,"href":"https:\/\/www.hwarangtkd.fr\/index.php\/wp-json\/wp\/v2\/users\/1"}],"replies":[{"embeddable":true,"href":"https:\/\/www.hwarangtkd.fr\/index.php\/wp-json\/wp\/v2\/comments?post=384"}],"version-history":[{"count":0,"href":"https:\/\/www.hwarangtkd.fr\/index.php\/wp-json\/wp\/v2\/pages\/384\/revisions"}],"wp:attachment":[{"href":"https:\/\/www.hwarangtkd.fr\/index.php\/wp-json\/wp\/v2\/media?parent=384"}],"curies":[{"name":"wp","href":"https:\/\/api.w.org\/{rel}","templated":true}]}}