{"id":381,"date":"2017-01-22T22:38:50","date_gmt":"2017-01-22T21:38:50","guid":{"rendered":"http:\/\/www.hwarangtkd.fr\/?page_id=381"},"modified":"2017-01-24T22:55:40","modified_gmt":"2017-01-24T21:55:40","slug":"les-bienfaits","status":"publish","type":"page","link":"https:\/\/www.hwarangtkd.fr\/index.php\/les-bienfaits\/","title":{"rendered":"Les Bienfaits"},"content":{"rendered":"<p style=\"text-align: left;\">Le Taekwondo est une activit\u00e9 compl\u00e8te qui met en mouvement la totalit\u00e9 du corps et d\u00e9veloppera des qualit\u00e9s physiques de puissance, d&#8217;endurance et de coordination.<br \/>\nPar la pratique des encha\u00eenements et la mise en situation de combat, le taekwondo permet d&#8217;am\u00e9liorer les r\u00e9flexes, coordination, pr\u00e9cision des mouvements ainsi que l&#8217;\u00e9quilibre. On y d\u00e9veloppe aussi souplesse, agilit\u00e9 et force musculaire.<br \/>\nAntidote contre le stress et l&#8217;anxi\u00e9t\u00e9, il permet d&#8217;oublier les tracas professionnels et personnels.<br \/>\nLa mise en situation d&#8217;opposition permet d&#8217;augmenter sa confiance en soi et de d\u00e9velopper l&#8217;assurance n\u00e9cessaire en situation de conflit.<\/p>\n<p style=\"text-align: left;\">Chez les enfants la pratique du Taekwondo, dans un environnement contr\u00f4l\u00e9 et r\u00e9gi par des r\u00e8gles, am\u00e9liore les facult\u00e9s concentration et r\u00e9duit l&#8217;agressivit\u00e9.<br \/>\nGr\u00e2ce \u00e0 cet encadrement o\u00f9 sont pr\u00f4n\u00e9s la courtoisie, l&#8217;int\u00e9grit\u00e9 et le contr\u00f4le de soi, l&#8217;enfant est encourag\u00e9 \u00e0 d\u00e9velopper un bon esprit sportif et de respect de l&#8217;autre. L&#8217;enfant \u00e9tant confront\u00e9 \u00e0 des situations o\u00f9 il est tant\u00f4t vainqueur et tant\u00f4t vaincu, il apprend rapidement de l&#8217;\u00e9chec tout en d\u00e9veloppant l&#8217;esprit de groupe et de pers\u00e9v\u00e9rance.<\/p>\n<p style=\"text-align: left;\"><img loading=\"lazy\" decoding=\"async\" class=\"alignnone size-medium wp-image-478\" src=\"http:\/\/www.hwarangtkd.fr\/wp-content\/uploads\/2017\/01\/tkd-300x300.jpg\" alt=\"\" width=\"300\" height=\"300\" srcset=\"https:\/\/www.hwarangtkd.fr\/wp-content\/uploads\/2017\/01\/tkd-300x300.jpg 300w, https:\/\/www.hwarangtkd.fr\/wp-content\/uploads\/2017\/01\/tkd-150x150.jpg 150w, https:\/\/www.hwarangtkd.fr\/wp-content\/uploads\/2017\/01\/tkd-370x370.jpg 370w, https:\/\/www.hwarangtkd.fr\/wp-content\/uploads\/2017\/01\/tkd.jpg 400w\" sizes=\"auto, (max-width: 300px) 100vw, 300px\" \/><\/p>\n<p style=\"text-align: left;\">Pour les enfants : Une \u00e9ducation motrice bien conduite joue un r\u00f4le d\u00e9terminant pour le d\u00e9veloppement physique et intellectuel des enfants. La p\u00e9dagogie du Taekwondo est adapt\u00e9e \u00e0 chaque public et, en l&#8217;occurrence, d\u00e9lib\u00e9r\u00e9ment construite autour de l&#8217;int\u00e9r\u00eat des enfants car elle facilite les futurs apprentissages des activit\u00e9s sportives, artistiques et sociales en g\u00e9n\u00e9ral :<\/p>\n<p style=\"text-align: left;\">D\u00e9couvrir et exploiter librement son environnement.<br \/>\nEnseigner des r\u00e8gles de &#8220;savoir \u00eatre&#8221;.<br \/>\nD\u00e9couverte des autres \u00e0 travers un code de &#8220;bonne conduite&#8221;.<br \/>\nD\u00e9velopper un climat de confiance pour tisser des relations sociales de qualit\u00e9.<\/p>\n","protected":false},"excerpt":{"rendered":"<p>Le Taekwondo est une activit\u00e9 compl\u00e8te qui met en mouvement la totalit\u00e9 du corps et d\u00e9veloppera des qualit\u00e9s physiques de puissance, d&#8217;endurance et de coordination. Par la pratique des encha\u00eenements et la mise en situation de combat, le taekwondo permet d&#8217;am\u00e9liorer les r\u00e9flexes, coordination, pr\u00e9cision des mouvements ainsi que l&#8217;\u00e9quilibre. On y d\u00e9veloppe aussi souplesse, [&hellip;]<\/p>\n","protected":false},"author":1,"featured_media":0,"parent":0,"menu_order":0,"comment_status":"closed","ping_status":"closed","template":"","meta":{"_exactmetrics_skip_tracking":false,"_exactmetrics_sitenote_active":false,"_exactmetrics_sitenote_note":"","_exactmetrics_sitenote_category":0,"footnotes":""},"class_list":["post-381","page","type-page","status-publish","hentry"],"_links":{"self":[{"href":"https:\/\/www.hwarangtkd.fr\/index.php\/wp-json\/wp\/v2\/pages\/381","targetHints":{"allow":["GET"]}}],"collection":[{"href":"https:\/\/www.hwarangtkd.fr\/index.php\/wp-json\/wp\/v2\/pages"}],"about":[{"href":"https:\/\/www.hwarangtkd.fr\/index.php\/wp-json\/wp\/v2\/types\/page"}],"author":[{"embeddable":true,"href":"https:\/\/www.hwarangtkd.fr\/index.php\/wp-json\/wp\/v2\/users\/1"}],"replies":[{"embeddable":true,"href":"https:\/\/www.hwarangtkd.fr\/index.php\/wp-json\/wp\/v2\/comments?post=381"}],"version-history":[{"count":0,"href":"https:\/\/www.hwarangtkd.fr\/index.php\/wp-json\/wp\/v2\/pages\/381\/revisions"}],"wp:attachment":[{"href":"https:\/\/www.hwarangtkd.fr\/index.php\/wp-json\/wp\/v2\/media?parent=381"}],"curies":[{"name":"wp","href":"https:\/\/api.w.org\/{rel}","templated":true}]}}