{"id":378,"date":"2017-01-22T22:38:29","date_gmt":"2017-01-22T21:38:29","guid":{"rendered":"http:\/\/www.hwarangtkd.fr\/?page_id=378"},"modified":"2025-03-20T16:43:18","modified_gmt":"2025-03-20T15:43:18","slug":"pourquoi-pratiquer","status":"publish","type":"page","link":"https:\/\/www.hwarangtkd.fr\/index.php\/pourquoi-pratiquer\/","title":{"rendered":"Pourquoi Pratiquer?"},"content":{"rendered":"<p style=\"text-align: left;\"><strong><span style=\"color: #000000;\">Entretenir votre forme<\/span><\/strong><\/p>\n<p style=\"text-align: left;\">Vous acquerrez rapidement souplesse, tonicit\u00e9 musculaire, agilit\u00e9 et force par une pratique r\u00e9guli\u00e8re.<\/p>\n<p style=\"text-align: left;\"><strong><span style=\"color: #000000;\">Se d\u00e9fouler<\/span><\/strong><\/p>\n<p style=\"text-align: left;\">Une activit\u00e9 qui permet de r\u00e9sister au stress de la vie moderne. Lib\u00e9rez votre \u00e9nergie tout en canalisant vos \u00e9motions. Vous \u00e9vacuez les tensions accumul\u00e9es dans la journ\u00e9e de fa\u00e7on positive.<br \/>\nLa mise en situation d&#8217;opposition permet d&#8217;augmenter sa confiance en soi et de d\u00e9velopper l&#8217;assurance n\u00e9cessaire en situation de conflit.<\/p>\n<p style=\"text-align: left;\"><img loading=\"lazy\" decoding=\"async\" class=\"alignnone size-medium wp-image-474\" src=\"http:\/\/www.hwarangtkd.fr\/wp-content\/uploads\/2017\/01\/accessibilit\u00e9-tkd-300x298.jpg\" alt=\"\" width=\"300\" height=\"298\" srcset=\"https:\/\/www.hwarangtkd.fr\/wp-content\/uploads\/2017\/01\/accessibilit\u00e9-tkd-300x298.jpg 300w, https:\/\/www.hwarangtkd.fr\/wp-content\/uploads\/2017\/01\/accessibilit\u00e9-tkd-150x150.jpg 150w, https:\/\/www.hwarangtkd.fr\/wp-content\/uploads\/2017\/01\/accessibilit\u00e9-tkd-370x368.jpg 370w, https:\/\/www.hwarangtkd.fr\/wp-content\/uploads\/2017\/01\/accessibilit\u00e9-tkd.jpg 598w\" sizes=\"auto, (max-width: 300px) 100vw, 300px\" \/><\/p>\n<p style=\"text-align: left;\"><span style=\"color: #000000;\"><strong>R\u00e9veiller vos sens<\/strong><\/span><\/p>\n<p style=\"text-align: left;\">Le combat ou la technique vous permettent d&#8217;aiguiser vos r\u00e9flexes, d&#8217;augmenter vos capacit\u00e9s d&#8217;anticipation et de r\u00e9action. Par la pratique des encha\u00eenements et la mise en situation de combat, le taekwondo permet d&#8217;am\u00e9liorer les r\u00e9flexes, coordination, pr\u00e9cision des mouvements ainsi que l&#8217;\u00e9quilibre. On y d\u00e9veloppe aussi souplesse, agilit\u00e9 et force musculaire. Chez les enfants la pratique du Taekwondo, dans un environnement contr\u00f4l\u00e9 et r\u00e9gi par des r\u00e8gles, am\u00e9liore les facult\u00e9s concentration et r\u00e9duit l&#8217;agressivit\u00e9.<\/p>\n<p style=\"text-align: left;\"><img loading=\"lazy\" decoding=\"async\" class=\"alignnone size-full wp-image-475\" src=\"http:\/\/www.hwarangtkd.fr\/wp-content\/uploads\/2017\/01\/respect.jpg\" alt=\"\" width=\"273\" height=\"185\" \/><\/p>\n<p style=\"text-align: left;\"><span style=\"color: #000000;\"><strong>Evaluer vos progr\u00e8s<\/strong><\/span><\/p>\n<p style=\"text-align: left;\">Les grades valident la progression ses connaissances. Pour les enfants : 8 ceintures identifient leur niveau (blanc, jaune, orange, vert, violet, bleu, rouge et noire). Pour les adultes : 4 ceintures (blanc, jaune, bleu, rouge) sont les \u00e9tapes obligatoires pour obtenir la ceinture noire 1er dan (d\u00e8s 14 ans).<\/p>\n<p><img loading=\"lazy\" decoding=\"async\" class=\"alignnone  wp-image-2139\" src=\"http:\/\/www.hwarangtkd.fr\/wp-content\/uploads\/2025\/03\/gradeenfants_page-0001-595x842.jpg\" alt=\"\" width=\"460\" height=\"651\" srcset=\"https:\/\/www.hwarangtkd.fr\/wp-content\/uploads\/2025\/03\/gradeenfants_page-0001-595x842.jpg 595w, https:\/\/www.hwarangtkd.fr\/wp-content\/uploads\/2025\/03\/gradeenfants_page-0001-960x1359.jpg 960w, https:\/\/www.hwarangtkd.fr\/wp-content\/uploads\/2025\/03\/gradeenfants_page-0001-768x1087.jpg 768w, https:\/\/www.hwarangtkd.fr\/wp-content\/uploads\/2025\/03\/gradeenfants_page-0001-1085x1536.jpg 1085w, https:\/\/www.hwarangtkd.fr\/wp-content\/uploads\/2025\/03\/gradeenfants_page-0001.jpg 1240w\" sizes=\"auto, (max-width: 460px) 100vw, 460px\" \/><img loading=\"lazy\" decoding=\"async\" class=\"wp-image-2140 alignnone\" src=\"http:\/\/www.hwarangtkd.fr\/wp-content\/uploads\/2025\/03\/gradeadultes_page-0001-595x842.jpg\" alt=\"\" width=\"456\" height=\"646\" srcset=\"https:\/\/www.hwarangtkd.fr\/wp-content\/uploads\/2025\/03\/gradeadultes_page-0001-595x842.jpg 595w, https:\/\/www.hwarangtkd.fr\/wp-content\/uploads\/2025\/03\/gradeadultes_page-0001-960x1359.jpg 960w, https:\/\/www.hwarangtkd.fr\/wp-content\/uploads\/2025\/03\/gradeadultes_page-0001-768x1087.jpg 768w, https:\/\/www.hwarangtkd.fr\/wp-content\/uploads\/2025\/03\/gradeadultes_page-0001-1085x1536.jpg 1085w, https:\/\/www.hwarangtkd.fr\/wp-content\/uploads\/2025\/03\/gradeadultes_page-0001.jpg 1240w\" sizes=\"auto, (max-width: 456px) 100vw, 456px\" \/><\/p>\n","protected":false},"excerpt":{"rendered":"<p>Entretenir votre forme Vous acquerrez rapidement souplesse, tonicit\u00e9 musculaire, agilit\u00e9 et force par une pratique r\u00e9guli\u00e8re. Se d\u00e9fouler Une activit\u00e9 qui permet de r\u00e9sister au stress de la vie moderne. Lib\u00e9rez votre \u00e9nergie tout en canalisant vos \u00e9motions. Vous \u00e9vacuez les tensions accumul\u00e9es dans la journ\u00e9e de fa\u00e7on positive. La mise en situation d&#8217;opposition permet [&hellip;]<\/p>\n","protected":false},"author":1,"featured_media":0,"parent":0,"menu_order":0,"comment_status":"closed","ping_status":"closed","template":"","meta":{"_exactmetrics_skip_tracking":false,"_exactmetrics_sitenote_active":false,"_exactmetrics_sitenote_note":"","_exactmetrics_sitenote_category":0,"footnotes":""},"class_list":["post-378","page","type-page","status-publish","hentry"],"_links":{"self":[{"href":"https:\/\/www.hwarangtkd.fr\/index.php\/wp-json\/wp\/v2\/pages\/378","targetHints":{"allow":["GET"]}}],"collection":[{"href":"https:\/\/www.hwarangtkd.fr\/index.php\/wp-json\/wp\/v2\/pages"}],"about":[{"href":"https:\/\/www.hwarangtkd.fr\/index.php\/wp-json\/wp\/v2\/types\/page"}],"author":[{"embeddable":true,"href":"https:\/\/www.hwarangtkd.fr\/index.php\/wp-json\/wp\/v2\/users\/1"}],"replies":[{"embeddable":true,"href":"https:\/\/www.hwarangtkd.fr\/index.php\/wp-json\/wp\/v2\/comments?post=378"}],"version-history":[{"count":3,"href":"https:\/\/www.hwarangtkd.fr\/index.php\/wp-json\/wp\/v2\/pages\/378\/revisions"}],"predecessor-version":[{"id":2142,"href":"https:\/\/www.hwarangtkd.fr\/index.php\/wp-json\/wp\/v2\/pages\/378\/revisions\/2142"}],"wp:attachment":[{"href":"https:\/\/www.hwarangtkd.fr\/index.php\/wp-json\/wp\/v2\/media?parent=378"}],"curies":[{"name":"wp","href":"https:\/\/api.w.org\/{rel}","templated":true}]}}