{"id":375,"date":"2017-01-22T22:38:05","date_gmt":"2017-01-22T21:38:05","guid":{"rendered":"http:\/\/www.hwarangtkd.fr\/?page_id=375"},"modified":"2026-02-18T07:47:25","modified_gmt":"2026-02-18T06:47:25","slug":"lhistorique","status":"publish","type":"page","link":"https:\/\/www.hwarangtkd.fr\/index.php\/lhistorique\/","title":{"rendered":"L&#8217;historique"},"content":{"rendered":"<p><img loading=\"lazy\" decoding=\"async\" class=\"alignnone size-medium wp-image-2286 aligncenter\" src=\"http:\/\/www.hwarangtkd.fr\/wp-content\/uploads\/2025\/09\/Image2-595x17.jpg\" alt=\"\" width=\"595\" height=\"17\" srcset=\"https:\/\/www.hwarangtkd.fr\/wp-content\/uploads\/2025\/09\/Image2-595x17.jpg 595w, https:\/\/www.hwarangtkd.fr\/wp-content\/uploads\/2025\/09\/Image2.jpg 662w\" sizes=\"auto, (max-width: 595px) 100vw, 595px\" \/><\/p>\n<p style=\"text-align: left;\"><span style=\"color: #000000;\"><strong>Un Art Martial devenu Olympique<\/strong><\/span><\/p>\n<p style=\"text-align: left;\">Originaire de Cor\u00e9e, le Taekwondo \u2013 litt\u00e9ralement \u00ab la Voie des pieds et des poings \u00bb &#8211; est un art martial permettant d&#8217;acqu\u00e9rir une force d&#8217;\u00e9panouissement et de cultiver un esprit d&#8217;ouverture.<br \/>\nPratiquer le Taekwondo, c&#8217;est rechercher en permanence un \u00e9quilibre personnel pour vivre en harmonie avec son environnement.<br \/>\nC&#8217;est aussi un sport moderne devenu discipline olympique en 2000 aux jeux de Sydney<\/p>\n<p><img loading=\"lazy\" decoding=\"async\" class=\"alignnone size-medium wp-image-2286 aligncenter\" src=\"http:\/\/www.hwarangtkd.fr\/wp-content\/uploads\/2025\/09\/Image2-595x17.jpg\" alt=\"\" width=\"595\" height=\"17\" srcset=\"https:\/\/www.hwarangtkd.fr\/wp-content\/uploads\/2025\/09\/Image2-595x17.jpg 595w, https:\/\/www.hwarangtkd.fr\/wp-content\/uploads\/2025\/09\/Image2.jpg 662w\" sizes=\"auto, (max-width: 595px) 100vw, 595px\" \/><\/p>\n<p style=\"text-align: left;\"><strong><span style=\"color: #000000;\">Un code d&#8217;honneur fond\u00e9 sur des valeurs historiques<\/span><\/strong><\/p>\n<p style=\"text-align: left;\">L&#8217;histoire du Taekwondo est intimement li\u00e9e \u00e0 celle de la Cor\u00e9e. Au VIe si\u00e8cle, se constitue le mouvement \u00abHwarangdo\u00bb fond\u00e9 sur l&#8217;\u00e9tude des arts martiaux et du bouddhisme. Cette \u00ab \u00e9cole de pens\u00e9e \u00bb, destin\u00e9e aux jeunes aristocrates, reste une source d&#8217;inspiration dans la conduite de l&#8217;enseignement du Taekwondo.<br \/>\nCodifi\u00e9 dans les ann\u00e9es cinquante en Cor\u00e9e, le Taekwondo est introduit en France en 1969.<br \/>\nAffili\u00e9 successivement \u00e0 la F\u00e9d\u00e9ration Fran\u00e7aise de Judo et Disciplines Associ\u00e9es (F.F.J.D.A) puis \u00e0 la F\u00e9d\u00e9ration Fran\u00e7aise de Karat\u00e9 et Arts Martiaux Affinitaires (F.F.K.A.M.A), il a depuis 1994 sa propre f\u00e9d\u00e9ration d\u00e9l\u00e9gataire et autonome : la F\u00e9d\u00e9ration Fran\u00e7aise de Taekwondo et Disciplines Associ\u00e9es (F.F.T.D.A).<br \/>\nLe Taekwondo \u00e9volue sur des bases solides m\u00ealant tradition et modernit\u00e9. Ces valeurs reconnues par les pratiquants et les partenaires de la f\u00e9d\u00e9ration font la force de notre sport. Elles sont un concentr\u00e9 de celles que l&#8217;on retrouve dans notre soci\u00e9t\u00e9 : la recherche du plaisir, le d\u00e9passement de soi, la pers\u00e9v\u00e9rance, la force morale et physique, le respect d&#8217;autrui\u2026<\/p>\n<p><img loading=\"lazy\" decoding=\"async\" class=\"alignnone size-medium wp-image-2286 aligncenter\" src=\"http:\/\/www.hwarangtkd.fr\/wp-content\/uploads\/2025\/09\/Image2-595x17.jpg\" alt=\"\" width=\"595\" height=\"17\" srcset=\"https:\/\/www.hwarangtkd.fr\/wp-content\/uploads\/2025\/09\/Image2-595x17.jpg 595w, https:\/\/www.hwarangtkd.fr\/wp-content\/uploads\/2025\/09\/Image2.jpg 662w\" sizes=\"auto, (max-width: 595px) 100vw, 595px\" \/><\/p>\n<p>Double vice championne du monde Technique<\/p>\n<p><img loading=\"lazy\" decoding=\"async\" class=\"wp-image-2041 size-full\" src=\"http:\/\/www.hwarangtkd.fr\/wp-content\/uploads\/2025\/01\/leila.jpg\" alt=\"\" width=\"368\" height=\"520\" \/><\/p>\n<p><img loading=\"lazy\" decoding=\"async\" class=\"alignnone size-medium wp-image-2286 aligncenter\" src=\"http:\/\/www.hwarangtkd.fr\/wp-content\/uploads\/2025\/09\/Image2-595x17.jpg\" alt=\"\" width=\"595\" height=\"17\" srcset=\"https:\/\/www.hwarangtkd.fr\/wp-content\/uploads\/2025\/09\/Image2-595x17.jpg 595w, https:\/\/www.hwarangtkd.fr\/wp-content\/uploads\/2025\/09\/Image2.jpg 662w\" sizes=\"auto, (max-width: 595px) 100vw, 595px\" \/><\/p>\n","protected":false},"excerpt":{"rendered":"<p>Un Art Martial devenu Olympique Originaire de Cor\u00e9e, le Taekwondo \u2013 litt\u00e9ralement \u00ab la Voie des pieds et des poings \u00bb &#8211; est un art martial permettant d&#8217;acqu\u00e9rir une force d&#8217;\u00e9panouissement et de cultiver un esprit d&#8217;ouverture. Pratiquer le Taekwondo, c&#8217;est rechercher en permanence un \u00e9quilibre personnel pour vivre en harmonie avec son environnement. C&#8217;est [&hellip;]<\/p>\n","protected":false},"author":1,"featured_media":0,"parent":0,"menu_order":0,"comment_status":"closed","ping_status":"closed","template":"","meta":{"_exactmetrics_skip_tracking":false,"_exactmetrics_sitenote_active":false,"_exactmetrics_sitenote_note":"","_exactmetrics_sitenote_category":0,"footnotes":""},"class_list":["post-375","page","type-page","status-publish","hentry"],"_links":{"self":[{"href":"https:\/\/www.hwarangtkd.fr\/index.php\/wp-json\/wp\/v2\/pages\/375","targetHints":{"allow":["GET"]}}],"collection":[{"href":"https:\/\/www.hwarangtkd.fr\/index.php\/wp-json\/wp\/v2\/pages"}],"about":[{"href":"https:\/\/www.hwarangtkd.fr\/index.php\/wp-json\/wp\/v2\/types\/page"}],"author":[{"embeddable":true,"href":"https:\/\/www.hwarangtkd.fr\/index.php\/wp-json\/wp\/v2\/users\/1"}],"replies":[{"embeddable":true,"href":"https:\/\/www.hwarangtkd.fr\/index.php\/wp-json\/wp\/v2\/comments?post=375"}],"version-history":[{"count":3,"href":"https:\/\/www.hwarangtkd.fr\/index.php\/wp-json\/wp\/v2\/pages\/375\/revisions"}],"predecessor-version":[{"id":2551,"href":"https:\/\/www.hwarangtkd.fr\/index.php\/wp-json\/wp\/v2\/pages\/375\/revisions\/2551"}],"wp:attachment":[{"href":"https:\/\/www.hwarangtkd.fr\/index.php\/wp-json\/wp\/v2\/media?parent=375"}],"curies":[{"name":"wp","href":"https:\/\/api.w.org\/{rel}","templated":true}]}}