{"id":2,"date":"2017-01-20T12:24:47","date_gmt":"2017-01-20T11:24:47","guid":{"rendered":"http:\/\/www.hwarangtkd.fr\/?page_id=2"},"modified":"2025-10-03T15:49:00","modified_gmt":"2025-10-03T13:49:00","slug":"page-d-exemple","status":"publish","type":"page","link":"https:\/\/www.hwarangtkd.fr\/index.php\/page-d-exemple\/","title":{"rendered":"Bienvenue au Hwarang TKD"},"content":{"rendered":"<p><img loading=\"lazy\" decoding=\"async\" class=\"size-medium wp-image-2286 aligncenter\" src=\"http:\/\/www.hwarangtkd.fr\/wp-content\/uploads\/2025\/09\/Image2-595x17.jpg\" alt=\"\" width=\"595\" height=\"17\" srcset=\"https:\/\/www.hwarangtkd.fr\/wp-content\/uploads\/2025\/09\/Image2-595x17.jpg 595w, https:\/\/www.hwarangtkd.fr\/wp-content\/uploads\/2025\/09\/Image2.jpg 662w\" sizes=\"auto, (max-width: 595px) 100vw, 595px\" \/><\/p>\n<p style=\"text-align: left;\">Le HWARANG TKD a \u00e9t\u00e9 cr\u00e9\u00e9 en novembre 2005 par Nicolas HAPP (2\u00e8me dan Brevet d&#8217;\u00e9tat d&#8217;\u00e9ducateur sportif 1er degr\u00e9), Guillaume BRUEL (2\u00e8me Dan) et Jessica HAPP (1er Dan instructeur f\u00e9d\u00e9ral). En Septembre 2011 a \u00e9t\u00e9 repris par Wesley Delanis (3\u00e8me Dan).<br \/>C&#8217;est une association loi 1901 d\u00e9clar\u00e9e \u00e0 la pr\u00e9fecture du Lot, affili\u00e9e \u00e0 la F\u00e9d\u00e9ration Fran\u00e7aise de Tae Kwon Do et disciplines associ\u00e9es (FFTDA) sous le n\u00b0 460644 , ce qui permet \u00e0 ses adh\u00e9rents de participer aux comp\u00e9titions et stages organis\u00e9s par celles-ci.<br \/>Le HWARANG TKD est \u00e9galement agr\u00e9\u00e9 par le minist\u00e8re Jeunesse et Sports sous le n\u00b0 46 S 473 09.<\/p>\n<p><img loading=\"lazy\" decoding=\"async\" class=\"alignnone size-medium wp-image-2286 aligncenter\" src=\"http:\/\/www.hwarangtkd.fr\/wp-content\/uploads\/2025\/09\/Image2-595x17.jpg\" alt=\"\" width=\"595\" height=\"17\" srcset=\"https:\/\/www.hwarangtkd.fr\/wp-content\/uploads\/2025\/09\/Image2-595x17.jpg 595w, https:\/\/www.hwarangtkd.fr\/wp-content\/uploads\/2025\/09\/Image2.jpg 662w\" sizes=\"auto, (max-width: 595px) 100vw, 595px\" \/><\/p>\n<h3 style=\"text-align: center;\"><strong><span style=\"color: #000000;\">La philosophie<\/span><\/strong><\/h3>\n<p style=\"text-align: left;\">Notre enseignement est bas\u00e9 sur les valeurs martiales de notre art martial: le respect, l&#8217;\u00e9quit\u00e9, l&#8217;humilit\u00e9, la pers\u00e9v\u00e9rance, la combativit\u00e9 et le partage.<br \/>Plus qu&#8217;un art martial, la pratique du Tae Kwon Do est une v\u00e9ritable \u00e9cole de vie o\u00f9 chacun \u00e0 des niveaux et objectifs diff\u00e9rents vient progresser ensemble dans un seul but : l&#8217;\u00e9l\u00e9vation du corps et de l&#8217;esprit.\u00a0<\/p>\n<p><img loading=\"lazy\" decoding=\"async\" class=\"alignnone size-medium wp-image-2286 aligncenter\" src=\"http:\/\/www.hwarangtkd.fr\/wp-content\/uploads\/2025\/09\/Image2-595x17.jpg\" alt=\"\" width=\"595\" height=\"17\" srcset=\"https:\/\/www.hwarangtkd.fr\/wp-content\/uploads\/2025\/09\/Image2-595x17.jpg 595w, https:\/\/www.hwarangtkd.fr\/wp-content\/uploads\/2025\/09\/Image2.jpg 662w\" sizes=\"auto, (max-width: 595px) 100vw, 595px\" \/><\/p>\n<h3 style=\"text-align: center;\"><strong><span style=\"color: #000000;\">Les cours<\/span><\/strong><\/h3>\n<p style=\"text-align: left;\">Les cours s&#8217;adaptent \u00e0 tous les \u00e2ges et tous les niveaux de pratique, du d\u00e9butant au confirm\u00e9, de l&#8217;enfant (4ans dans l&#8217;ann\u00e9e de l&#8217;inscription) au Master (+30ans). Le club a une mixit\u00e9 parfaite (saison 2025-2026).<\/p>\n<p style=\"text-align: left;\"><strong>Wesley DELANIS<\/strong> assure l&#8217;ensemble des cours, il est d\u00e9tenteur d&#8217;une ceinture noire 3\u00e8me dan, DIF et CQP (Dipl\u00f4me Instructeur F\u00e9d\u00e9ral et Certificat Qualification Professionnel d&#8217;arts martiaux). Il n&#8217;est pas salari\u00e9 du club, c&#8217;est un b\u00e9n\u00e9vole.\u00a0<br \/>Le HWARANG TKD propose un enseignement traditionnel de qualit\u00e9 encadr\u00e9 par un professeur grad\u00e9 et dipl\u00f4m\u00e9.\u00a0<br \/>Baby TKD, Tae Kwon Do Enfant, Tae Kwon Do Traditionnel, Tae Kwon Do comp\u00e9tition combat et Tae Kwon Do Technique.<\/p>\n<p style=\"text-align: left;\">Nouveau le Body Tae Kwon Do est arriv\u00e9 chez Hwarang TKD, la certification est pr\u00e9sente depuis 16 mai 2012. Cette discipline n&#8217;est plus dispens\u00e9 au club car le Body Taekwondo n&#8217;a pas les valeurs d&#8217;un art martial (manque de rigueur, ponctualit\u00e9 et pers\u00e9v\u00e9rance).<\/p>\n<p style=\"text-align: left;\">A travers la pratique des arts martiaux cor\u00e9ens, vous trouverez forc\u00e9ment un art martial \u00e0 votre mesure.<\/p>\n\n\n<p><\/p>\n","protected":false},"excerpt":{"rendered":"<p>Le HWARANG TKD a \u00e9t\u00e9 cr\u00e9\u00e9 en novembre 2005 par Nicolas HAPP (2\u00e8me dan Brevet d&#8217;\u00e9tat d&#8217;\u00e9ducateur sportif 1er degr\u00e9), Guillaume BRUEL (2\u00e8me Dan) et Jessica HAPP (1er Dan instructeur f\u00e9d\u00e9ral). En Septembre 2011 a \u00e9t\u00e9 repris par Wesley Delanis (3\u00e8me Dan).C&#8217;est une association loi 1901 d\u00e9clar\u00e9e \u00e0 la pr\u00e9fecture du Lot, affili\u00e9e \u00e0 la [&hellip;]<\/p>\n","protected":false},"author":1,"featured_media":0,"parent":0,"menu_order":0,"comment_status":"closed","ping_status":"open","template":"","meta":{"_exactmetrics_skip_tracking":false,"_exactmetrics_sitenote_active":false,"_exactmetrics_sitenote_note":"","_exactmetrics_sitenote_category":0,"footnotes":""},"class_list":["post-2","page","type-page","status-publish","hentry"],"_links":{"self":[{"href":"https:\/\/www.hwarangtkd.fr\/index.php\/wp-json\/wp\/v2\/pages\/2","targetHints":{"allow":["GET"]}}],"collection":[{"href":"https:\/\/www.hwarangtkd.fr\/index.php\/wp-json\/wp\/v2\/pages"}],"about":[{"href":"https:\/\/www.hwarangtkd.fr\/index.php\/wp-json\/wp\/v2\/types\/page"}],"author":[{"embeddable":true,"href":"https:\/\/www.hwarangtkd.fr\/index.php\/wp-json\/wp\/v2\/users\/1"}],"replies":[{"embeddable":true,"href":"https:\/\/www.hwarangtkd.fr\/index.php\/wp-json\/wp\/v2\/comments?post=2"}],"version-history":[{"count":6,"href":"https:\/\/www.hwarangtkd.fr\/index.php\/wp-json\/wp\/v2\/pages\/2\/revisions"}],"predecessor-version":[{"id":2304,"href":"https:\/\/www.hwarangtkd.fr\/index.php\/wp-json\/wp\/v2\/pages\/2\/revisions\/2304"}],"wp:attachment":[{"href":"https:\/\/www.hwarangtkd.fr\/index.php\/wp-json\/wp\/v2\/media?parent=2"}],"curies":[{"name":"wp","href":"https:\/\/api.w.org\/{rel}","templated":true}]}}